{"id":1428,"date":"2023-03-18T16:05:34","date_gmt":"2023-03-18T16:05:34","guid":{"rendered":"https:\/\/www.parallel45marine.com\/?page_id=1428"},"modified":"2026-04-24T18:23:06","modified_gmt":"2026-04-24T18:23:06","slug":"hartley-gull","status":"publish","type":"page","link":"https:\/\/www.parallel45marine.com\/fr\/hartley-boats\/hartley-gull\/","title":{"rendered":"Hartley Gull"},"content":{"rendered":"<p><\/p>\n<div>\n<p>Apr\u00e8s avoir achet\u00e9 les droits d&rsquo;auteur de Gull \u00e0 la famille Proctor, Hartley Boats a fait appel \u00e0 l&rsquo;aide d&rsquo;un architecte naval, <a href=\"https:\/\/en.wikipedia.org\/wiki\/Phil_Morrison_(yacht_designer)\" target=\"_blank\" rel=\"noopener\">Phil Morrison<\/a>, pour apporter des changements et des am\u00e9liorations \u00e0 la disposition du pont.<\/p>\n<p>Les changements comprenaient un nouveau pont avant, un coffre arri\u00e8re redessin\u00e9, des si\u00e8ges plus confortables avec plus d&rsquo;espace pour les jambes et des autovideurs. Ces changements, ainsi que la coque \u00e0 virures unique du bateau, ont fait du Gull le d\u00e9riveur de 3,35 m le plus stable de sa cat\u00e9gorie. En cons\u00e9quence, la flotte se d\u00e9veloppe chaque ann\u00e9e avec pr\u00e8s de 3 000 unit\u00e9s vendues.<\/p>\n<p>Le bateau convient parfaitement \u00e0 la navigation en solitaire ou en double, avec la possibilit\u00e9 d&rsquo;ajouter un spinnaker pour les marins enthousiastes. Pour les marins de croisi\u00e8re, le Gull dispose d&rsquo;une grand-voile \u00e0 ris avec un g\u00e9nois \u00e0 ris, permettant une navigation confortable dans les grandes vagues et les vents forts.<\/p>\n<p>De plus, le bateau est disponible dans diff\u00e9rentes options de couleur et est construit pour s&rsquo;adapter \u00e0 vos besoins et \u00e0 votre budget.<\/p>\n<p>Pour les amateurs de course, le bateau a un excellent indice de performance de 1363 et se comporte bien dans les courses avec handicap.<\/p>\n<p>Hartley Boats est fier de ses normes et de la qualit\u00e9 de sa construction; pour le d\u00e9montrer, ils offrent une garantie de 4 ans.<\/p>\n<p>Pour plus d&rsquo;informations, s&rsquo;il vous pla\u00eet visitez:<\/p>\n<ul>\n<li><a href=\"https:\/\/www.facebook.com\/groups\/1993258634245439\" target=\"_blank\" rel=\"noopener\">Gull Facebook Group<\/a><\/li>\n<li><a href=\"https:\/\/www.facebook.com\/groups\/121855197842056\" target=\"_blank\" rel=\"noopener\">Dinghy Cruising Association Facebook Group<\/a><\/li>\n<li><a href=\"https:\/\/www.youtube.com\/playlist?list=PLINEnsXUdU9FINdLwoYm6JreF5uwg8M8_\" target=\"_blank\" rel=\"noopener\">P45 Hartley YouTube Playlist<\/a><\/li>\n<\/ul>\n<\/div>\n<p><strong>Sp\u00e9cifications<\/strong><\/p>\n<table border=\"0\" width=\"80%\" cellpadding=\"5\" align=\"center\">\n<tbody>\n<tr>\n<td>Longueur de coque<\/td>\n<td>3,35m<\/td>\n<\/tr>\n<tr>\n<td>Largueur<\/td>\n<td>1,44m<\/td>\n<\/tr>\n<tr>\n<td>Poids de coque<\/td>\n<td>88kg<\/td>\n<\/tr>\n<tr>\n<td>Tirant d\u2019eau<\/td>\n<td>0,91m<\/td>\n<\/tr>\n<tr>\n<td>Surface de voilure: Grand-voile, Genoa<\/td>\n<td>6,78m<sup>2<\/sup><\/td>\n<\/tr>\n<tr>\n<td>Spi<\/td>\n<td>56,57m<sup>2<\/sup><\/td>\n<\/tr>\n<\/tbody>\n<\/table>\n<hr>\n<table border=\"0\" width=\"80%\" cellpadding=\"5\" align=\"center\">\n<tbody>\n<tr>\n<td>&nbsp;<\/td>\n<td><img loading=\"lazy\" decoding=\"async\" class=\"wp-image-394 aligncenter\" src=\"https:\/\/www.parallel45marine.com\/wp-content\/uploads\/2019\/04\/Flag_United_States_250_132.png\" alt=\"\" width=\"175\" height=\"92\"><\/td>\n<td><img loading=\"lazy\" decoding=\"async\" class=\"aligncenter wp-image-395\" src=\"https:\/\/www.parallel45marine.com\/wp-content\/uploads\/2019\/04\/Flag_of_Canada_250_125.png\" alt=\"\" width=\"175\" height=\"88\"><\/td>\n<\/tr>\n<tr>\n<td>Gull<\/td>\n<td style=\"text-align: center;\">15 595 $<\/td>\n<td style=\"text-align: center;\">20 495 $<\/td>\n<\/tr>\n<tr>\n<td>Gull Weekender<\/td>\n<td style=\"text-align: center;\">20 450 $<\/td>\n<td style=\"text-align: center;\">26 850 $<\/td>\n<\/tr>\n<\/tbody>\n<\/table>\n<p><em>*Tous les prix sont en dollars canadiens.&nbsp; Bateaux sont F.O.B. Sherbrooke, Qu\u00e9bec.&nbsp; Pour commander votre bateau <a href=\"https:\/\/www.parallel45marine.com\/contact-us\/\" target=\"_blank\" rel=\"noopener\">appelez-nous<\/a>!&nbsp;<\/em><\/p>","protected":false},"excerpt":{"rendered":"<p>Apr\u00e8s avoir achet\u00e9 les droits d&rsquo;auteur de Gull \u00e0 la famille Proctor, Hartley Boats a fait appel \u00e0 l&rsquo;aide d&rsquo;un &hellip;<\/p>\n","protected":false},"author":1,"featured_media":1435,"parent":1389,"menu_order":0,"comment_status":"closed","ping_status":"closed","template":"","meta":{"ngg_post_thumbnail":0,"footnotes":""},"class_list":["post-1428","page","type-page","status-publish","has-post-thumbnail","hentry"],"_links":{"self":[{"href":"https:\/\/www.parallel45marine.com\/fr\/wp-json\/wp\/v2\/pages\/1428","targetHints":{"allow":["GET"]}}],"collection":[{"href":"https:\/\/www.parallel45marine.com\/fr\/wp-json\/wp\/v2\/pages"}],"about":[{"href":"https:\/\/www.parallel45marine.com\/fr\/wp-json\/wp\/v2\/types\/page"}],"author":[{"embeddable":true,"href":"https:\/\/www.parallel45marine.com\/fr\/wp-json\/wp\/v2\/users\/1"}],"replies":[{"embeddable":true,"href":"https:\/\/www.parallel45marine.com\/fr\/wp-json\/wp\/v2\/comments?post=1428"}],"version-history":[{"count":22,"href":"https:\/\/www.parallel45marine.com\/fr\/wp-json\/wp\/v2\/pages\/1428\/revisions"}],"predecessor-version":[{"id":1776,"href":"https:\/\/www.parallel45marine.com\/fr\/wp-json\/wp\/v2\/pages\/1428\/revisions\/1776"}],"up":[{"embeddable":true,"href":"https:\/\/www.parallel45marine.com\/fr\/wp-json\/wp\/v2\/pages\/1389"}],"wp:featuredmedia":[{"embeddable":true,"href":"https:\/\/www.parallel45marine.com\/fr\/wp-json\/wp\/v2\/media\/1435"}],"wp:attachment":[{"href":"https:\/\/www.parallel45marine.com\/fr\/wp-json\/wp\/v2\/media?parent=1428"}],"curies":[{"name":"wp","href":"https:\/\/api.w.org\/{rel}","templated":true}]}}