{"id":164,"date":"2016-06-04T13:37:15","date_gmt":"2016-06-04T13:37:15","guid":{"rendered":"https:\/\/demos.famethemes.com\/wellness-pro\/?page_id=8"},"modified":"2021-01-15T15:16:26","modified_gmt":"2021-01-15T15:16:26","slug":"about-us","status":"publish","type":"page","link":"https:\/\/www.parallel45marine.com\/fr\/about-us\/","title":{"rendered":"\u00c0 propos"},"content":{"rendered":"<p><\/p>\n<div>Parallel 45 Marine est une compagnie soeur de Voiliers Topper Canada. La croissance fulgurante de Voiliers Topper Canada depuis les derni\u00e8res ann\u00e9es est principalement due \u00e0 notre pr\u00e9sence remarqu\u00e9e dans les salons nautiques \u00e0 la grandeur du pays. En 2019 et 2020,\u00a0 Voiliers Topper Canada \/ Parallel 45 Marine tenait le plus grand kiosque d\u00e9di\u00e9 \u00e0 la voile sur d\u00e9riveur \u00e0 Montr\u00e9al, Toronto et Vancouver.<\/p>\n<p>Dans le pass\u00e9, on entendait souvent des amateurs le commentaire suivant: \u201cC\u2019est tout ce que vous avez \u00e0 offrir?\u201d. Nous avons alors compris que la demande \u00e9tait plus vari\u00e9e que l\u2019offre. \u00c0 l\u2019\u00e9dition 2019 du Salon International du Bateau de Toronto, nous avons introduit le trimaran hydropt\u00e8re F101 de Foiling World et le catamaran hydropt\u00e8re Whisper de White Formula. L\u2019accueil fut \u00e9tonnant.<\/p>\n<p>Pour 2020, nous avons ajout\u00e9 le nouveau quillard RS21 et, de Hartley Boats, les toujours populaires Wayfarer et\u00a0 Wanderer. L\u2019excitation et l\u2019enthousiasme dans la r\u00e9ponse des amateurs de voile nous ont encourag\u00e9s \u00e0 cr\u00e9er Parallel 45 Marine afin d\u2019introduire de nouveaux mod\u00e8les de bateaux sur le march\u00e9 nord-am\u00e9ricain. Suite \u00e0 une visite r\u00e9v\u00e9latrice au Royal Yachting Association\u2019s Dinghy Show de Londres, nous constatons qu\u2019il y a plusieurs mod\u00e8les de d\u00e9riveurs qui ne sont pas disponibles au Canada et aux \u00c9tats-Unis. Nous entrons donc en contact avec plusieurs compagnies afin d\u2019importer ces nouveaut\u00e9s en Am\u00e9rique du Nord.<\/p>\n<p>Pourquoi le nom Parallel 45 Marine? \u00c0 mi-chemin entre le P\u00f4le Nord et l\u2019\u00c9quateur, nous sommes situ\u00e9s pr\u00e8s de la fronti\u00e8re entre le Canada et les \u00c9tats-Unis (le 45e parall\u00e8le). \u00c0 une heure et demie du port de Montr\u00e9al, les bateaux provenant d\u2019Europe et du Royaume-Uni sont rapidement accessibles. Parallel 45 se situe au milieu d\u2019une plaque tournante de transport exceptionnelle entre Montr\u00e9al, New York, Boston et Toronto ce qui facilite la livraison o\u00f9 que vous soyez.<\/p>\n<p>Au plaisir de vous rencontrer dans les salons nautiques ou sur l\u2019eau et de partager avec vous l\u2019excitation de cette nouvelle aventure.<\/p><\/div>\n<p><\/p>","protected":false},"excerpt":{"rendered":"<p>Parallel 45 Marine est une compagnie soeur de Voiliers Topper Canada. La croissance fulgurante de Voiliers Topper Canada depuis les &hellip;<\/p>\n","protected":false},"author":1,"featured_media":309,"parent":0,"menu_order":4,"comment_status":"closed","ping_status":"closed","template":"templates\/full-width-page.php","meta":{"ngg_post_thumbnail":0,"footnotes":""},"class_list":["post-164","page","type-page","status-publish","has-post-thumbnail","hentry"],"_links":{"self":[{"href":"https:\/\/www.parallel45marine.com\/fr\/wp-json\/wp\/v2\/pages\/164","targetHints":{"allow":["GET"]}}],"collection":[{"href":"https:\/\/www.parallel45marine.com\/fr\/wp-json\/wp\/v2\/pages"}],"about":[{"href":"https:\/\/www.parallel45marine.com\/fr\/wp-json\/wp\/v2\/types\/page"}],"author":[{"embeddable":true,"href":"https:\/\/www.parallel45marine.com\/fr\/wp-json\/wp\/v2\/users\/1"}],"replies":[{"embeddable":true,"href":"https:\/\/www.parallel45marine.com\/fr\/wp-json\/wp\/v2\/comments?post=164"}],"version-history":[{"count":22,"href":"https:\/\/www.parallel45marine.com\/fr\/wp-json\/wp\/v2\/pages\/164\/revisions"}],"predecessor-version":[{"id":1031,"href":"https:\/\/www.parallel45marine.com\/fr\/wp-json\/wp\/v2\/pages\/164\/revisions\/1031"}],"wp:featuredmedia":[{"embeddable":true,"href":"https:\/\/www.parallel45marine.com\/fr\/wp-json\/wp\/v2\/media\/309"}],"wp:attachment":[{"href":"https:\/\/www.parallel45marine.com\/fr\/wp-json\/wp\/v2\/media?parent=164"}],"curies":[{"name":"wp","href":"https:\/\/api.w.org\/{rel}","templated":true}]}}