{"id":1743,"date":"2026-01-05T18:10:23","date_gmt":"2026-01-05T18:10:23","guid":{"rendered":"https:\/\/www.parallel45marine.com\/?page_id=1743"},"modified":"2026-01-05T18:15:57","modified_gmt":"2026-01-05T18:15:57","slug":"topper-sailboats","status":"publish","type":"page","link":"https:\/\/www.parallel45marine.com\/fr\/topper-sailboats\/","title":{"rendered":"Voiliers Topper"},"content":{"rendered":"<p><\/p>\n<p data-start=\"229\" data-end=\"399\">Parallel 45 Marine est le distributeur canadien de Topper Sailboats, comprenant le d\u00e9riveur embl\u00e9matique <a href=\"https:\/\/www.toppersailboats.ca\/fr\/topper\/\" target=\"_blank\" rel=\"noopener\">Topper<\/a> ainsi que la gamme compl\u00e8te de voiliers Topaz.<\/p>\n<p data-start=\"401\" data-end=\"753\">Reconnue par de nombreuses f\u00e9d\u00e9rations nationales de voile \u00e0 travers le monde, la <a href=\"https:\/\/www.toppersailboats.ca\/fr\/topper\/\" target=\"_blank\" rel=\"noopener\">Topper<\/a> est un v\u00e9ritable <em data-start=\"507\" data-end=\"534\">bateau de parcours junior<\/em> qui a lanc\u00e9 la carri\u00e8re de nombreux marins vers le plus haut niveau. Plusieurs anciens navigateurs Topper ont connu le succ\u00e8s olympique et international \u2014 dont Gilles Scott, capitaine de l\u2019\u00e9quipe canadienne SailGP.<\/p>\n<p data-start=\"755\" data-end=\"1083\">La gamme Topaz comprend douze mod\u00e8les innovants \u2014 dont trois catamarans \u2014 offrant un excellent rapport qualit\u00e9-prix, une grande durabilit\u00e9 et des performances remarquables. Con\u00e7us autant pour les programmes d\u2019initiation \u00e0 la voile que pour les navigateurs r\u00e9cr\u00e9atifs, les voiliers Topaz favorisent la participation et maximisent le plaisir sur l\u2019eau.<\/p>\n<p data-start=\"1085\" data-end=\"1180\">D\u00e9couvrez les mod\u00e8les, les caract\u00e9ristiques et les prix sur&nbsp;<strong data-start=\"1088\" data-end=\"1151\"><a class=\"decorated-link\" href=\"https:\/\/www.toppersailboats.ca\/fr\/topper\/\" target=\"_blank\" rel=\"noopener\" data-start=\"1156\" data-end=\"1178\"> www.toppersailboats.ca<\/a>.<\/strong><\/p>\n<p>&nbsp;<\/p>","protected":false},"excerpt":{"rendered":"<p>Parallel 45 Marine est le distributeur canadien de Topper Sailboats, comprenant le d\u00e9riveur embl\u00e9matique Topper ainsi que la gamme compl\u00e8te &hellip;<\/p>\n","protected":false},"author":1,"featured_media":1744,"parent":0,"menu_order":0,"comment_status":"closed","ping_status":"closed","template":"","meta":{"ngg_post_thumbnail":0,"footnotes":""},"class_list":["post-1743","page","type-page","status-publish","has-post-thumbnail","hentry"],"_links":{"self":[{"href":"https:\/\/www.parallel45marine.com\/fr\/wp-json\/wp\/v2\/pages\/1743","targetHints":{"allow":["GET"]}}],"collection":[{"href":"https:\/\/www.parallel45marine.com\/fr\/wp-json\/wp\/v2\/pages"}],"about":[{"href":"https:\/\/www.parallel45marine.com\/fr\/wp-json\/wp\/v2\/types\/page"}],"author":[{"embeddable":true,"href":"https:\/\/www.parallel45marine.com\/fr\/wp-json\/wp\/v2\/users\/1"}],"replies":[{"embeddable":true,"href":"https:\/\/www.parallel45marine.com\/fr\/wp-json\/wp\/v2\/comments?post=1743"}],"version-history":[{"count":2,"href":"https:\/\/www.parallel45marine.com\/fr\/wp-json\/wp\/v2\/pages\/1743\/revisions"}],"predecessor-version":[{"id":1748,"href":"https:\/\/www.parallel45marine.com\/fr\/wp-json\/wp\/v2\/pages\/1743\/revisions\/1748"}],"wp:featuredmedia":[{"embeddable":true,"href":"https:\/\/www.parallel45marine.com\/fr\/wp-json\/wp\/v2\/media\/1744"}],"wp:attachment":[{"href":"https:\/\/www.parallel45marine.com\/fr\/wp-json\/wp\/v2\/media?parent=1743"}],"curies":[{"name":"wp","href":"https:\/\/api.w.org\/{rel}","templated":true}]}}