{"id":1755,"date":"2026-01-07T19:21:56","date_gmt":"2026-01-07T19:21:56","guid":{"rendered":"https:\/\/www.parallel45marine.com\/?page_id=1755"},"modified":"2026-01-07T19:28:59","modified_gmt":"2026-01-07T19:28:59","slug":"sunfish-2","status":"publish","type":"page","link":"https:\/\/www.parallel45marine.com\/fr\/sunfish-2\/","title":{"rendered":"Sunfish"},"content":{"rendered":"<p><\/p>\n<h3 data-start=\"173\" data-end=\"236\">Un classique intemporel, pr\u00eat pour les marins d\u2019aujourd\u2019hui<\/h3>\n<p data-start=\"238\" data-end=\"585\">Peu de voiliers ont acquis la reconnaissance mondiale et l\u2019attrait durable du Sunfish. Introduit dans les ann\u00e9es 1950, le Sunfish est rapidement devenu une r\u00e9f\u00e9rence en mati\u00e8re de navigation simple, accessible et plaisante. Plus de sept d\u00e9cennies plus tard, il reste l\u2019un des petits voiliers les plus reconnaissables et les plus navigu\u00e9s au monde.<\/p>\n<p data-start=\"587\" data-end=\"810\">Avec sa coque plate et l\u00e9g\u00e8re, son gr\u00e9ement latine et sa simplicit\u00e9 de montage, le Sunfish offre un plaisir de navigation pur\u2014que vous montiez \u00e0 bord pour la premi\u00e8re fois ou que vous reveniez apr\u00e8s des ann\u00e9es d\u2019exp\u00e9rience.<\/p>\n<h2 data-start=\"812\" data-end=\"870\">H\u00e9ritage \u00e9prouv\u00e9, performance sur plusieurs g\u00e9n\u00e9rations<\/h2>\n<p data-start=\"872\" data-end=\"1231\">D\u00e9velopp\u00e9 en 1951 par Alcort, Inc., le Sunfish a \u00e9volu\u00e9 \u00e0 partir du mod\u00e8le Sailfish, avec un cockpit plus confortable, une meilleure stabilit\u00e9 et un plan de voile facile \u00e0 manipuler. Ces am\u00e9liorations ont permis au Sunfish de devenir un incontournable dans les clubs de voile, les camps d\u2019\u00e9t\u00e9, les cottages et les plages d\u2019Am\u00e9rique du Nord et du monde entier.<\/p>\n<p data-start=\"1233\" data-end=\"1558\">Dans les ann\u00e9es 1960 et 1970, le Sunfish s\u2019est \u00e9galement impos\u00e9 comme une classe de course reconnue. Aujourd\u2019hui, les r\u00e9gates de l\u2019<strong data-start=\"1364\" data-end=\"1414\">International Sunfish Class Association (ISCA)<\/strong> attirent toujours des marins comp\u00e9titifs qui appr\u00e9cient la comp\u00e9tition serr\u00e9e, le d\u00e9veloppement des comp\u00e9tences et l\u2019\u00e9quit\u00e9 d\u2019un design unique.<\/p>\n<p data-start=\"1560\" data-end=\"1747\">Au fil des ann\u00e9es, la propri\u00e9t\u00e9 de la marque Sunfish a \u00e9volu\u00e9, passant d\u2019Alcort \u00e0 AMF, puis \u00e0 Vanguard et Laser Performance\u2014chaque chapitre ayant contribu\u00e9 \u00e0 l\u2019h\u00e9ritage durable du bateau.<\/p>\n<h2 data-start=\"1749\" data-end=\"1803\">Le Sunfish aujourd\u2019hui \u2014 construit par SERO Sailing<\/h2>\n<p data-start=\"1805\" data-end=\"2213\">Aujourd\u2019hui, la production mondiale du Sunfish est g\u00e9r\u00e9e par <strong data-start=\"1866\" data-end=\"1882\">SERO Sailing<\/strong>, un constructeur engag\u00e9 \u00e0 honorer l\u2019h\u00e9ritage du bateau tout en appliquant des standards de fabrication modernes. SERO Sailing combine un design \u00e9prouv\u00e9 avec des mat\u00e9riaux contemporains et un contr\u00f4le qualit\u00e9 rigoureux pour garantir que le Sunfish d\u2019aujourd\u2019hui soit durable, fiable et pr\u00eat pour de nombreuses ann\u00e9es d\u2019utilisation.<\/p>\n<p data-start=\"2215\" data-end=\"2378\">Le r\u00e9sultat\u202f: un bateau imm\u00e9diatement familier, mais b\u00e9n\u00e9ficiant de techniques de construction modernes qui am\u00e9liorent sa robustesse, sa long\u00e9vit\u00e9 et sa fiabilit\u00e9.<\/p>\n<h2 data-start=\"2380\" data-end=\"2432\">Pourquoi les marins choisissent encore le Sunfish<\/h2>\n<p data-start=\"2434\" data-end=\"2531\">Le Sunfish s\u00e9duit encore aujourd\u2019hui parce qu\u2019il offre exactement ce que les marins recherchent\u202f:<\/p>\n<ul data-start=\"2533\" data-end=\"2779\">\n<li data-start=\"2533\" data-end=\"2561\">\n<p data-start=\"2535\" data-end=\"2561\">Montage simple et rapide<\/p>\n<\/li>\n<li data-start=\"2562\" data-end=\"2612\">\n<p data-start=\"2564\" data-end=\"2612\">Mise \u00e0 l\u2019eau facile depuis la plage ou le quai<\/p>\n<\/li>\n<li data-start=\"2613\" data-end=\"2667\">\n<p data-start=\"2615\" data-end=\"2667\">Maniabilit\u00e9 stable et tol\u00e9rante pour les d\u00e9butants<\/p>\n<\/li>\n<li data-start=\"2668\" data-end=\"2723\">\n<p data-start=\"2670\" data-end=\"2723\">Performance engageante pour les marins exp\u00e9riment\u00e9s<\/p>\n<\/li>\n<li data-start=\"2724\" data-end=\"2779\">\n<p data-start=\"2726\" data-end=\"2779\">Une communaut\u00e9 mondiale de navigation et de r\u00e9gates<\/p>\n<\/li>\n<\/ul>\n<p data-start=\"2781\" data-end=\"3068\">Que vous naviguiez seul ou avec un passager, le Sunfish est aussi bien adapt\u00e9 \u00e0 l\u2019apprentissage, aux sorties en famille ou aux comp\u00e9titions en one-design. Sa coque l\u00e9g\u00e8re en fibre de verre facilite le transport et le stockage, tandis que son design intemporel reste moderne et attractif.<\/p>\n<h2 data-start=\"3070\" data-end=\"3107\">Le Sunfish chez Parallel 45 Marine<\/h2>\n<p data-start=\"3109\" data-end=\"3441\">Chez <strong data-start=\"3114\" data-end=\"3136\">Parallel 45 Marine<\/strong>, nous croyons que les grands bateaux traversent les g\u00e9n\u00e9rations\u2014et le Sunfish en est un parfait exemple. Il demeure l\u2019un des moyens les plus accessibles et gratifiants de d\u00e9couvrir la voile, que ce soit pour apprendre les bases, initier famille et amis au sport, ou participer \u00e0 des courses comp\u00e9titives.<\/p>\n<p data-start=\"3443\" data-end=\"3642\">Si vous cherchez un voilier alliant h\u00e9ritage authentique, performance \u00e9prouv\u00e9e et valeur durable, le Sunfish continue de r\u00e9pondre \u00e0 ces attentes\u2014tout comme il l\u2019a fait pour des g\u00e9n\u00e9rations de marins.<\/p>\n<table border=\"0\" width=\"80%\" cellpadding=\"5\" align=\"center\">\n<tbody>\n<tr>\n<td>&nbsp;<\/td>\n<td><img loading=\"lazy\" decoding=\"async\" class=\"wp-image-394 aligncenter\" src=\"https:\/\/www.parallel45marine.com\/wp-content\/uploads\/2019\/04\/Flag_United_States_250_132.png\" alt=\"\" width=\"175\" height=\"92\"><\/td>\n<td><img loading=\"lazy\" decoding=\"async\" class=\"aligncenter wp-image-395\" src=\"https:\/\/www.parallel45marine.com\/wp-content\/uploads\/2019\/04\/Flag_of_Canada_250_125.png\" alt=\"\" width=\"175\" height=\"88\"><\/td>\n<\/tr>\n<tr>\n<td>Avec foils en bois<\/td>\n<td style=\"text-align: center;\"><strong>6 195 $<\/strong><\/td>\n<td style=\"text-align: center;\"><strong>8 995 $<\/strong><\/td>\n<\/tr>\n<tr>\n<td>Avec foils en composite<\/td>\n<td style=\"text-align: center;\"><strong>6 495$<\/strong><\/td>\n<td>\n<p style=\"text-align: center;\"><strong>9 495 $<\/strong><\/p>\n<\/td>\n<\/tr>\n<\/tbody>\n<\/table>\n<p><em>\u202fLes prix sont indiqu\u00e9s dans la monnaie locale. <a href=\"https:\/\/www.parallel45marine.com\/fr\/contact-us\/\">Contactez-nous<\/a>&nbsp;d\u00e8s aujourd\u2019hui pour r\u00e9server votre Sunfish!\u202f<\/em><\/p>","protected":false},"excerpt":{"rendered":"<p>Un classique intemporel, pr\u00eat pour les marins d\u2019aujourd\u2019hui Peu de voiliers ont acquis la reconnaissance mondiale et l\u2019attrait durable du &hellip;<\/p>\n","protected":false},"author":1,"featured_media":1754,"parent":0,"menu_order":0,"comment_status":"closed","ping_status":"closed","template":"","meta":{"ngg_post_thumbnail":0,"footnotes":""},"class_list":["post-1755","page","type-page","status-publish","has-post-thumbnail","hentry"],"_links":{"self":[{"href":"https:\/\/www.parallel45marine.com\/fr\/wp-json\/wp\/v2\/pages\/1755","targetHints":{"allow":["GET"]}}],"collection":[{"href":"https:\/\/www.parallel45marine.com\/fr\/wp-json\/wp\/v2\/pages"}],"about":[{"href":"https:\/\/www.parallel45marine.com\/fr\/wp-json\/wp\/v2\/types\/page"}],"author":[{"embeddable":true,"href":"https:\/\/www.parallel45marine.com\/fr\/wp-json\/wp\/v2\/users\/1"}],"replies":[{"embeddable":true,"href":"https:\/\/www.parallel45marine.com\/fr\/wp-json\/wp\/v2\/comments?post=1755"}],"version-history":[{"count":3,"href":"https:\/\/www.parallel45marine.com\/fr\/wp-json\/wp\/v2\/pages\/1755\/revisions"}],"predecessor-version":[{"id":1759,"href":"https:\/\/www.parallel45marine.com\/fr\/wp-json\/wp\/v2\/pages\/1755\/revisions\/1759"}],"wp:featuredmedia":[{"embeddable":true,"href":"https:\/\/www.parallel45marine.com\/fr\/wp-json\/wp\/v2\/media\/1754"}],"wp:attachment":[{"href":"https:\/\/www.parallel45marine.com\/fr\/wp-json\/wp\/v2\/media?parent=1755"}],"curies":[{"name":"wp","href":"https:\/\/api.w.org\/{rel}","templated":true}]}}