{"id":27,"date":"2016-06-04T14:04:11","date_gmt":"2016-06-04T14:04:11","guid":{"rendered":"https:\/\/demos.famethemes.com\/wellness-pro\/?page_id=27"},"modified":"2020-12-08T20:50:08","modified_gmt":"2020-12-08T20:50:08","slug":"contact-us","status":"publish","type":"page","link":"https:\/\/www.parallel45marine.com\/fr\/contact-us\/","title":{"rendered":"Contact"},"content":{"rendered":"<p>Il nous fait plaisir de vous aider! N&rsquo;h\u00e9sitez pas \u00e0 nous joindre pour plus d&rsquo;information, par t\u00e9l\u00e9phone, texto ou en compl\u00e9tant le formulaire ci-joint.<\/p>\n<p>T\u00e9l\u00e9phone: (866) 259-9171<\/p>\n<p>Texto: (514) 706-8840<\/p>\n<p>Courriel: info@parallel45marine.com<\/p>\n<p><a href=\"https:\/\/www.facebook.com\/Parallel45Marine\/\" target=\"_blank\" rel=\"noopener\"><img loading=\"lazy\" decoding=\"async\" class=\"alignnone wp-image-813 size-full\" src=\"https:\/\/www.parallel45marine.com\/wp-content\/uploads\/2020\/04\/fb_logo_50.png\" alt=\"\" width=\"50\" height=\"50\" \/><\/a> <img loading=\"lazy\" decoding=\"async\" class=\"alignnone size-full wp-image-814\" src=\"https:\/\/www.parallel45marine.com\/wp-content\/uploads\/2020\/04\/spacer.gif\" alt=\"\" width=\"15\" height=\"1\" \/><a href=\"https:\/\/www.youtube.com\/channel\/UC4gfES-mjY_zYcEZ-pMz2VQ\" target=\"_blank\" rel=\"noopener\"><img loading=\"lazy\" decoding=\"async\" class=\"alignnone wp-image-815 size-full\" src=\"https:\/\/www.parallel45marine.com\/wp-content\/uploads\/2020\/04\/yt_icon_50.png\" alt=\"\" width=\"50\" height=\"35\" \/><\/a><\/p>\n\n<div class=\"wpcf7 no-js\" id=\"wpcf7-f290-o2\" lang=\"en-US\" dir=\"ltr\" data-wpcf7-id=\"290\">\n<div class=\"screen-reader-response\"><p role=\"status\" aria-live=\"polite\" aria-atomic=\"true\"><\/p> <ul><\/ul><\/div>\n<form action=\"\/fr\/wp-json\/wp\/v2\/pages\/27#wpcf7-f290-o2\" method=\"post\" class=\"wpcf7-form init\" aria-label=\"Contact form\" novalidate=\"novalidate\" data-status=\"init\">\n<fieldset class=\"hidden-fields-container\"><input type=\"hidden\" name=\"_wpcf7\" value=\"290\" \/><input type=\"hidden\" name=\"_wpcf7_version\" value=\"6.1.5\" \/><input type=\"hidden\" name=\"_wpcf7_locale\" value=\"en_US\" \/><input type=\"hidden\" name=\"_wpcf7_unit_tag\" value=\"wpcf7-f290-o2\" \/><input type=\"hidden\" name=\"_wpcf7_container_post\" value=\"0\" \/><input type=\"hidden\" name=\"_wpcf7_posted_data_hash\" value=\"\" \/><input type=\"hidden\" name=\"_wpcf7_recaptcha_response\" value=\"\" \/>\n<\/fieldset>\n<p><label>Courriel (Obligatoire)<br \/>\n<span class=\"wpcf7-form-control-wrap\" data-name=\"your-email\"><input size=\"40\" maxlength=\"400\" class=\"wpcf7-form-control wpcf7-email wpcf7-validates-as-required wpcf7-text wpcf7-validates-as-email\" aria-required=\"true\" aria-invalid=\"false\" value=\"\" type=\"email\" name=\"your-email\" \/><\/span> <\/label>\n<\/p>\n<p><label>Sujet<br \/>\n<span class=\"wpcf7-form-control-wrap\" data-name=\"your-subject\"><input size=\"40\" maxlength=\"400\" class=\"wpcf7-form-control wpcf7-text\" aria-invalid=\"false\" value=\"\" type=\"text\" name=\"your-subject\" \/><\/span> <\/label>\n<\/p>\n<p><label>Votre message<br \/>\n<span class=\"wpcf7-form-control-wrap\" data-name=\"your-message\"><textarea cols=\"40\" rows=\"10\" maxlength=\"2000\" class=\"wpcf7-form-control wpcf7-textarea\" aria-invalid=\"false\" name=\"your-message\"><\/textarea><\/span> <\/label>\n<\/p>\n<p><input class=\"wpcf7-form-control wpcf7-submit has-spinner\" type=\"submit\" value=\"Send\" \/>\n<\/p><div class=\"wpcf7-response-output\" aria-hidden=\"true\"><\/div>\n<\/form>\n<\/div>\n\n<p>&nbsp;<\/p>\n<p><em>*Photo courtesy of <a href=\"https:\/\/foilingworld.co.uk\/\" target=\"_blank\" rel=\"noopener\">Foiling World<\/a><\/em><\/p>","protected":false},"excerpt":{"rendered":"<p>Il nous fait plaisir de vous aider! N&rsquo;h\u00e9sitez pas \u00e0 nous joindre pour plus d&rsquo;information, par t\u00e9l\u00e9phone, texto ou en &hellip;<\/p>\n","protected":false},"author":1,"featured_media":308,"parent":0,"menu_order":12,"comment_status":"closed","ping_status":"closed","template":"","meta":{"ngg_post_thumbnail":0,"footnotes":""},"class_list":["post-27","page","type-page","status-publish","has-post-thumbnail","hentry"],"_links":{"self":[{"href":"https:\/\/www.parallel45marine.com\/fr\/wp-json\/wp\/v2\/pages\/27","targetHints":{"allow":["GET"]}}],"collection":[{"href":"https:\/\/www.parallel45marine.com\/fr\/wp-json\/wp\/v2\/pages"}],"about":[{"href":"https:\/\/www.parallel45marine.com\/fr\/wp-json\/wp\/v2\/types\/page"}],"author":[{"embeddable":true,"href":"https:\/\/www.parallel45marine.com\/fr\/wp-json\/wp\/v2\/users\/1"}],"replies":[{"embeddable":true,"href":"https:\/\/www.parallel45marine.com\/fr\/wp-json\/wp\/v2\/comments?post=27"}],"version-history":[{"count":17,"href":"https:\/\/www.parallel45marine.com\/fr\/wp-json\/wp\/v2\/pages\/27\/revisions"}],"predecessor-version":[{"id":876,"href":"https:\/\/www.parallel45marine.com\/fr\/wp-json\/wp\/v2\/pages\/27\/revisions\/876"}],"wp:featuredmedia":[{"embeddable":true,"href":"https:\/\/www.parallel45marine.com\/fr\/wp-json\/wp\/v2\/media\/308"}],"wp:attachment":[{"href":"https:\/\/www.parallel45marine.com\/fr\/wp-json\/wp\/v2\/media?parent=27"}],"curies":[{"name":"wp","href":"https:\/\/api.w.org\/{rel}","templated":true}]}}