{"id":301,"date":"2019-04-04T17:36:50","date_gmt":"2019-04-04T17:36:50","guid":{"rendered":"https:\/\/www.parallel45marine.com\/?page_id=301"},"modified":"2020-12-16T21:41:28","modified_gmt":"2020-12-16T21:41:28","slug":"newsletter","status":"publish","type":"page","link":"https:\/\/www.parallel45marine.com\/fr\/newsletter\/","title":{"rendered":"Bulletin"},"content":{"rendered":"<p>Inscrivez-vous et soyez inform\u00e9s des nouvelles et sp\u00e9ciaux saisonniers ainsi que des dates des journ\u00e9es de d\u00e9monstration et <a href=\"https:\/\/foilingworld.co.uk\/the-tribe\" target=\"_blank\" rel=\"noopener\">\u00e9v\u00e8nements sp\u00e9ciaux<\/a>!<\/p>\n<script>(function() {\n\twindow.mc4wp = window.mc4wp || {\n\t\tlisteners: [],\n\t\tforms: {\n\t\t\ton: function(evt, cb) {\n\t\t\t\twindow.mc4wp.listeners.push(\n\t\t\t\t\t{\n\t\t\t\t\t\tevent   : evt,\n\t\t\t\t\t\tcallback: cb\n\t\t\t\t\t}\n\t\t\t\t);\n\t\t\t}\n\t\t}\n\t}\n})();\n<\/script><!-- Mailchimp for WordPress v4.12.2 - https:\/\/wordpress.org\/plugins\/mailchimp-for-wp\/ --><form id=\"mc4wp-form-2\" class=\"mc4wp-form mc4wp-form-300\" method=\"post\" data-id=\"300\" data-name=\"Newsletter Sign Up\" ><div class=\"mc4wp-form-fields\"><p>\r\n    <label>Pr\u00e9nom<\/label>\r\n    <input type=\"text\" name=\"FNAME\">\r\n<\/p>\r\n<p>\r\n    <label>Nom de famille<\/label>\r\n    <input type=\"text\" name=\"LNAME\">\r\n<\/p>\r\n<p>\r\n\t<label>Courriel<\/label>\r\n\t<input type=\"email\" name=\"EMAIL\" placeholder=\"Votre courriel\" required \/>\r\n<\/p>\r\n\r\n<p>\r\n\t<input type=\"submit\" value=\"Abonnement\" \/>\r\n<\/p><\/div><label style=\"display: none !important;\">Laissez ce champ vide si vous \u00eates humain\u00a0: <input type=\"text\" name=\"_mc4wp_honeypot\" value=\"\" tabindex=\"-1\" autocomplete=\"off\" \/><\/label><input type=\"hidden\" name=\"_mc4wp_timestamp\" value=\"1777269006\" \/><input type=\"hidden\" name=\"_mc4wp_form_id\" value=\"300\" \/><input type=\"hidden\" name=\"_mc4wp_form_element_id\" value=\"mc4wp-form-2\" \/><div class=\"mc4wp-response\"><\/div><\/form><!-- \/ Mailchimp for WordPress Plugin -->\n<p>&nbsp;<\/p>\n<p><em>*Photo gracieuset\u00e9 de <a href=\"https:\/\/foilingworld.co.uk\/\" target=\"_blank\" rel=\"noopener\">Foiling World<\/a><\/em><\/p>","protected":false},"excerpt":{"rendered":"<p>Inscrivez-vous et soyez inform\u00e9s des nouvelles et sp\u00e9ciaux saisonniers ainsi que des dates des journ\u00e9es de d\u00e9monstration et \u00e9v\u00e8nements sp\u00e9ciaux! &hellip;<\/p>\n","protected":false},"author":1,"featured_media":349,"parent":0,"menu_order":0,"comment_status":"closed","ping_status":"closed","template":"","meta":{"ngg_post_thumbnail":0,"footnotes":""},"class_list":["post-301","page","type-page","status-publish","has-post-thumbnail","hentry"],"_links":{"self":[{"href":"https:\/\/www.parallel45marine.com\/fr\/wp-json\/wp\/v2\/pages\/301","targetHints":{"allow":["GET"]}}],"collection":[{"href":"https:\/\/www.parallel45marine.com\/fr\/wp-json\/wp\/v2\/pages"}],"about":[{"href":"https:\/\/www.parallel45marine.com\/fr\/wp-json\/wp\/v2\/types\/page"}],"author":[{"embeddable":true,"href":"https:\/\/www.parallel45marine.com\/fr\/wp-json\/wp\/v2\/users\/1"}],"replies":[{"embeddable":true,"href":"https:\/\/www.parallel45marine.com\/fr\/wp-json\/wp\/v2\/comments?post=301"}],"version-history":[{"count":8,"href":"https:\/\/www.parallel45marine.com\/fr\/wp-json\/wp\/v2\/pages\/301\/revisions"}],"predecessor-version":[{"id":912,"href":"https:\/\/www.parallel45marine.com\/fr\/wp-json\/wp\/v2\/pages\/301\/revisions\/912"}],"wp:featuredmedia":[{"embeddable":true,"href":"https:\/\/www.parallel45marine.com\/fr\/wp-json\/wp\/v2\/media\/349"}],"wp:attachment":[{"href":"https:\/\/www.parallel45marine.com\/fr\/wp-json\/wp\/v2\/media?parent=301"}],"curies":[{"name":"wp","href":"https:\/\/api.w.org\/{rel}","templated":true}]}}