{"id":361,"date":"2019-04-05T16:35:34","date_gmt":"2019-04-05T16:35:34","guid":{"rendered":"https:\/\/www.parallel45marine.com\/?page_id=361"},"modified":"2020-03-15T17:29:30","modified_gmt":"2020-03-15T17:29:30","slug":"returns-exchanges","status":"publish","type":"page","link":"https:\/\/www.parallel45marine.com\/fr\/returns-exchanges\/","title":{"rendered":"Conditions G\u00e9n\u00e9rales"},"content":{"rendered":"<p><\/p>\n<h2>Satisfaction garantie ou argent remis<\/h2>\n<p>Nous garantissons la qualit\u00e9 et l\u2019efficacit\u00e9 de tous les produits vendus sur\u00a0<a href=\"https:\/\/www.parallel45marine.com\/\" target=\"_blank\" rel=\"noopener\">Parallel 45 Marine<\/a>. Si vous n\u2019\u00eates pas enti\u00e8rement satisfait de votre achat, simplement le retourner * \u00e0 Paralelle 45 Marine dans les 30 jours, non utilis\u00e9 et non endommag\u00e9, pour un REMBOURSEMENT COMPLET du prix d\u2019achat.<\/p>\n<h2>D\u00e9claration de garantie<\/h2>\n<p>Tous les produits disponibles sur\u00a0<a href=\"https:\/\/www.parallel45marine.com\/\" target=\"_blank\" rel=\"noopener\">Parallel 45 Marine<\/a>\u00a0sont couverts par la garantie du fabricant d\u2019origine. Si vous avez des questions sur la garantie de tout produit, veuillez-vous renseigner aupr\u00e8s de nous avant d\u2019acheter.<\/p>\n<p>Pour le service de garantie, veuillez contacter Parallel 45 Marine. La garantie ne s\u2019applique pas aux dommages r\u00e9sultant d\u2019accident, d\u2019une mauvaise utilisation, d\u2019alt\u00e9ration, de corrosion, de modification, d\u2019installation incorrecte ou d\u2019utilisation commerciale.<\/p>\n<h2>*Politique de retour<\/h2>\n<p>NAucune commande ou produit ne peut \u00eatre retourn\u00e9 pour remboursement ou pour fin de garantie sans l\u2019approbation pr\u00e9alable de\u00a0<a href=\"https:\/\/www.parallel45marine.com\/\" target=\"_blank\" rel=\"noopener\">Parallel 45 Marine<\/a>. Bien vouloir nous contacter pour les instructions de retour avant de retourner toute commande ou produit. Les retours non autoris\u00e9s seront refus\u00e9s.<\/p>\n<p>Tous les co\u00fbts associ\u00e9s au retour d\u2019un produit pour un remboursement ou une garantie sont \u00e0 la charge de l\u2019acheteur et ne seront pas rembours\u00e9s par\u00a0<a href=\"https:\/\/www.parallel45marine.com\/\" target=\"_blank\" rel=\"noopener\">Parralel 45 Marine <\/a>. Dans le cas d\u2019une erreur de notre part, Parallel 45 Marine se chargera volontiers de couvrir les frais de retour.<\/p>","protected":false},"excerpt":{"rendered":"<p>Satisfaction garantie ou argent remis Nous garantissons la qualit\u00e9 et l\u2019efficacit\u00e9 de tous les produits vendus sur\u00a0Parallel 45 Marine. Si &hellip;<\/p>\n","protected":false},"author":1,"featured_media":0,"parent":0,"menu_order":0,"comment_status":"closed","ping_status":"closed","template":"","meta":{"ngg_post_thumbnail":0,"footnotes":""},"class_list":["post-361","page","type-page","status-publish","hentry"],"_links":{"self":[{"href":"https:\/\/www.parallel45marine.com\/fr\/wp-json\/wp\/v2\/pages\/361","targetHints":{"allow":["GET"]}}],"collection":[{"href":"https:\/\/www.parallel45marine.com\/fr\/wp-json\/wp\/v2\/pages"}],"about":[{"href":"https:\/\/www.parallel45marine.com\/fr\/wp-json\/wp\/v2\/types\/page"}],"author":[{"embeddable":true,"href":"https:\/\/www.parallel45marine.com\/fr\/wp-json\/wp\/v2\/users\/1"}],"replies":[{"embeddable":true,"href":"https:\/\/www.parallel45marine.com\/fr\/wp-json\/wp\/v2\/comments?post=361"}],"version-history":[{"count":7,"href":"https:\/\/www.parallel45marine.com\/fr\/wp-json\/wp\/v2\/pages\/361\/revisions"}],"predecessor-version":[{"id":642,"href":"https:\/\/www.parallel45marine.com\/fr\/wp-json\/wp\/v2\/pages\/361\/revisions\/642"}],"wp:attachment":[{"href":"https:\/\/www.parallel45marine.com\/fr\/wp-json\/wp\/v2\/media?parent=361"}],"curies":[{"name":"wp","href":"https:\/\/api.w.org\/{rel}","templated":true}]}}