{"id":557,"date":"2021-01-03T01:02:54","date_gmt":"2021-01-03T01:02:54","guid":{"rendered":"https:\/\/www.parallel45marine.com\/?page_id=557"},"modified":"2026-01-05T17:28:06","modified_gmt":"2026-01-05T17:28:06","slug":"rs21","status":"publish","type":"page","link":"https:\/\/www.parallel45marine.com\/fr\/rs21\/","title":{"rendered":"RS21"},"content":{"rendered":"<p>La navigation en flotte pour les clubs afin de tirer des bords en groupe et pourquoi pas r\u00e9gater : voil\u00e0 ce que propose RS Sailing avec le tout nouvel RS 21. Un quillard sign\u00e9 Jo Richards et minutieusement pens\u00e9 par le bureau d\u2019\u00e9tudes.<\/p>\n<p>Le RS 21 a \u00e9t\u00e9 pens\u00e9 pour tous ceux qui veulent naviguer \u00e0 plusieurs sur un bateau \u00e0 sensations\u2026 Ce n\u2019est pas seulement un quillard de plus sur le march\u00e9 mais une nouvelle fa\u00e7on de naviguer sur un bateau simple, ludique, facile \u00e0 appr\u00e9hender.<\/p>\n<h5 class=\"et_pb_toggle_title\">FONCTIONNALIT\u00c9<\/h5>\n<div class=\"et_pb_toggle_content clearfix\">\n<p><strong>La voile en flotte\u2026<\/strong><\/p>\n<p>A c\u00f4t\u00e9 des d\u00e9riveurs et des catamarans de loisir de la gamme, RS Sailing approche le march\u00e9 des petits quillards. Le projet s\u2019est dessin\u00e9 depuis quelques mois suite \u00e0 la demande de plusieurs f\u00e9d\u00e9rations et de clubs qui souhaitent d\u00e9velopper une pratique de la voile en flotte, une navigation cl\u00e9 en main sur un registre qui peut aller de la d\u00e9couverte de la pratique \u00e0 la balade c\u00f4ti\u00e8re voir au match-racing,<\/p>\n<p><strong>\u2026 \u00e0 bord d\u2019un quillard facile et planant<\/strong><\/p>\n<p>Le savoir-faire du chantier dans le d\u00e9veloppement technique se retrouve dans l\u2019ergonomie et la simplicit\u00e9 de mise en \u0153uvre. Dans le d\u00e9tail, le RS 21 est dot\u00e9 d\u2019une quille relevable avec potence, d\u2019une grande stabilit\u00e9 (50% du poids dans la quille), une belle surface de voile pour planer, des rangements, des cale-pieds, une ergonomie de cockpit soign\u00e9e, la possibilit\u00e9 d\u2019installer un moteur \u00e9lectrique dans un puits.<\/p>\n<p>Le m\u00e2t carbone est en deux parties pour faciliter le montage et le d\u00e9montage.<\/p>\n<p>Une nouveaut\u00e9 qui devrait bousculer les standards de navigation en flotte pour le plus grand plaisir de tous les amateurs de sensations en toute s\u00e9curit\u00e9&nbsp;!<\/p>\n<div>\n<div>\n<h5>SP\u00c9CIFICATIONS<\/h5>\n<div><img loading=\"lazy\" decoding=\"async\" src=\"https:\/\/www.parallel45marine.com\/wp-content\/uploads\/2019\/06\/bulletfill.png\" alt=\"\" width=\"15\" height=\"15\">&nbsp;Standard<br \/>\n<img loading=\"lazy\" decoding=\"async\" src=\"https:\/\/www.parallel45marine.com\/wp-content\/uploads\/2019\/06\/bulletoutline.png\" alt=\"\" width=\"15\" height=\"15\">&nbsp;Optionnel<\/p>\n<table>\n<tbody style=\"text-align: left;\">\n<tr>\n<td>Architectes<\/td>\n<td>Richards \/ Whitehouse \/ RS Sailing<\/td>\n<td>&nbsp;<\/td>\n<\/tr>\n<tr>\n<td>Longueur<\/td>\n<td>6,34 m (20&rsquo;11\u00a0\u00bb)<\/td>\n<td><img loading=\"lazy\" decoding=\"async\" class=\"alignleft\" src=\"https:\/\/www.parallel45marine.com\/wp-content\/uploads\/2019\/06\/bulletfill.png\" width=\"15\" height=\"15\"><\/td>\n<\/tr>\n<tr>\n<td>Largeur<\/td>\n<td>2,20 m (7&rsquo;3&Prime;)<\/td>\n<td><img loading=\"lazy\" decoding=\"async\" class=\"alignleft\" src=\"https:\/\/www.parallel45marine.com\/wp-content\/uploads\/2019\/06\/bulletfill.png\" width=\"15\" height=\"15\"><\/td>\n<\/tr>\n<tr>\n<td>Tirant d\u2019eau<\/td>\n<td>1,38 m (4&rsquo;6&Prime;)<\/td>\n<td><img loading=\"lazy\" decoding=\"async\" class=\"alignleft\" src=\"https:\/\/www.parallel45marine.com\/wp-content\/uploads\/2019\/06\/bulletfill.png\" width=\"15\" height=\"15\"><\/td>\n<\/tr>\n<tr>\n<td>D\u00e9placement<\/td>\n<td>650 kg (1433 lbs)<\/td>\n<td><img loading=\"lazy\" decoding=\"async\" class=\"alignleft\" src=\"https:\/\/www.parallel45marine.com\/wp-content\/uploads\/2019\/06\/bulletfill.png\" width=\"15\" height=\"15\"><\/td>\n<\/tr>\n<tr>\n<td>Construction de la coque<\/td>\n<td>Composite \u00e9cologique<\/td>\n<td><img loading=\"lazy\" decoding=\"async\" class=\"alignleft\" src=\"https:\/\/www.parallel45marine.com\/wp-content\/uploads\/2019\/06\/bulletfill.png\" width=\"15\" height=\"15\"><\/td>\n<\/tr>\n<tr>\n<td>Quille<\/td>\n<td>Relevable \u2013 avec bulbe<\/td>\n<td><img loading=\"lazy\" decoding=\"async\" class=\"alignleft\" src=\"https:\/\/www.parallel45marine.com\/wp-content\/uploads\/2019\/06\/bulletfill.png\" width=\"15\" height=\"15\"><\/td>\n<\/tr>\n<tr>\n<td>Safran<\/td>\n<td>Amovible \u2013 composite<\/td>\n<td><img loading=\"lazy\" decoding=\"async\" class=\"alignleft\" src=\"https:\/\/www.parallel45marine.com\/wp-content\/uploads\/2019\/06\/bulletfill.png\" width=\"15\" height=\"15\"><\/td>\n<\/tr>\n<tr>\n<td>Grand-voile \u2013 R\u00e9gate<\/td>\n<td>16,2 m\u00b2 (175 ft\u00b2)<\/td>\n<td><img loading=\"lazy\" decoding=\"async\" class=\"alignleft\" src=\"https:\/\/www.parallel45marine.com\/wp-content\/uploads\/2019\/06\/bulletoutline.png\" width=\"15\" height=\"15\"><\/td>\n<\/tr>\n<tr>\n<td>Foc \u2013 R\u00e9gate<\/td>\n<td>8,4 m\u00b2 (90,4 ft\u00b2)<\/td>\n<td><img loading=\"lazy\" decoding=\"async\" class=\"alignleft\" src=\"https:\/\/www.parallel45marine.com\/wp-content\/uploads\/2019\/06\/bulletoutline.png\" width=\"15\" height=\"15\"><\/td>\n<\/tr>\n<tr>\n<td>Gennaker \u2013 R\u00e9gate<\/td>\n<td>40 m\u00b2 (430,5 ft\u00b2)<\/td>\n<td><img loading=\"lazy\" decoding=\"async\" class=\"alignleft\" src=\"https:\/\/www.parallel45marine.com\/wp-content\/uploads\/2019\/06\/bulletoutline.png\" width=\"15\" height=\"15\"><\/td>\n<\/tr>\n<tr>\n<td>Grand-voile \u2013 Club<\/td>\n<td>16,2 m\u00b2 (175 ft\u00b2)<\/td>\n<td><img loading=\"lazy\" decoding=\"async\" class=\"alignleft\" src=\"https:\/\/www.parallel45marine.com\/wp-content\/uploads\/2019\/06\/bulletoutline.png\" width=\"15\" height=\"15\"><\/td>\n<\/tr>\n<tr>\n<td>Foc \u2013 Club<\/td>\n<td>8,4 m\u00b2 (90,4 ft\u00b2)<\/td>\n<td><img loading=\"lazy\" decoding=\"async\" class=\"alignleft\" src=\"https:\/\/www.parallel45marine.com\/wp-content\/uploads\/2019\/06\/bulletoutline.png\" width=\"15\" height=\"15\"><\/td>\n<\/tr>\n<tr>\n<td>Gennaker \u2013 Club<\/td>\n<td>35 m\u00b2 (377 ft\u00b2)<\/td>\n<td><img loading=\"lazy\" decoding=\"async\" class=\"alignleft\" src=\"https:\/\/www.parallel45marine.com\/wp-content\/uploads\/2019\/06\/bulletoutline.png\" width=\"15\" height=\"15\"><\/td>\n<\/tr>\n<tr>\n<td>Spinnaker sym\u00e9trique \u2013 Club<\/td>\n<td>30 m\u00b2 (322,9 ft\u00b2)<\/td>\n<td><img loading=\"lazy\" decoding=\"async\" class=\"alignleft\" src=\"https:\/\/www.parallel45marine.com\/wp-content\/uploads\/2019\/06\/bulletoutline.png\" width=\"15\" height=\"15\"><\/td>\n<\/tr>\n<tr>\n<td>M\u00e2t<\/td>\n<td>Composite carbone<\/td>\n<td><img loading=\"lazy\" decoding=\"async\" class=\"alignleft\" src=\"https:\/\/www.parallel45marine.com\/wp-content\/uploads\/2019\/06\/bulletfill.png\" width=\"15\" height=\"15\"><\/td>\n<\/tr>\n<tr>\n<td>Haubans et \u00e9tai<\/td>\n<td>C\u00e2ble en acier inoxydable<\/td>\n<td><img loading=\"lazy\" decoding=\"async\" class=\"alignleft\" src=\"https:\/\/www.parallel45marine.com\/wp-content\/uploads\/2019\/06\/bulletfill.png\" width=\"15\" height=\"15\"><\/td>\n<\/tr>\n<tr>\n<td>Drisses \u2013 GV, foc<\/td>\n<td>Dyneema\/polyester<\/td>\n<td><img loading=\"lazy\" decoding=\"async\" class=\"alignleft\" src=\"https:\/\/www.parallel45marine.com\/wp-content\/uploads\/2019\/06\/bulletfill.png\" width=\"15\" height=\"15\"><\/td>\n<\/tr>\n<tr>\n<td>B\u00f4me<\/td>\n<td>Alliage d\u2019aluminium<\/td>\n<td><img loading=\"lazy\" decoding=\"async\" class=\"alignleft\" src=\"https:\/\/www.parallel45marine.com\/wp-content\/uploads\/2019\/06\/bulletfill.png\" width=\"15\" height=\"15\"><\/td>\n<\/tr>\n<tr>\n<td>Bout-dehors<\/td>\n<td>Composite carbone<\/td>\n<td><img loading=\"lazy\" decoding=\"async\" class=\"alignleft\" src=\"https:\/\/www.parallel45marine.com\/wp-content\/uploads\/2019\/06\/bulletfill.png\" width=\"15\" height=\"15\"><\/td>\n<\/tr>\n<tr>\n<td>Coffre de pont<\/td>\n<td>&nbsp;<\/td>\n<td><img loading=\"lazy\" decoding=\"async\" class=\"alignleft\" src=\"https:\/\/www.parallel45marine.com\/wp-content\/uploads\/2019\/06\/bulletfill.png\" width=\"15\" height=\"15\"><\/td>\n<\/tr>\n<tr>\n<td>Sac \u00e0 gennaker<\/td>\n<td>&nbsp;<\/td>\n<td><img loading=\"lazy\" decoding=\"async\" class=\"alignleft\" src=\"https:\/\/www.parallel45marine.com\/wp-content\/uploads\/2019\/06\/bulletoutline.png\" width=\"15\" height=\"15\"><\/td>\n<\/tr>\n<tr>\n<td>Anneaux d\u2019amarrage x 3<\/td>\n<td>&nbsp;<\/td>\n<td><img loading=\"lazy\" decoding=\"async\" class=\"alignleft\" src=\"https:\/\/www.parallel45marine.com\/wp-content\/uploads\/2019\/06\/bulletoutline.png\" width=\"15\" height=\"15\"><\/td>\n<\/tr>\n<tr>\n<td>\u00c9coutes \u2013 GV, foc<\/td>\n<td>&nbsp;<\/td>\n<td><img loading=\"lazy\" decoding=\"async\" class=\"alignleft\" src=\"https:\/\/www.parallel45marine.com\/wp-content\/uploads\/2019\/06\/bulletfill.png\" width=\"15\" height=\"15\"><\/td>\n<\/tr>\n<tr>\n<td>Palans \u2013 Cunningham, hale-bas, bordure<\/td>\n<td>&nbsp;<\/td>\n<td><img loading=\"lazy\" decoding=\"async\" class=\"alignleft\" src=\"https:\/\/www.parallel45marine.com\/wp-content\/uploads\/2019\/06\/bulletfill.png\" width=\"15\" height=\"15\"><\/td>\n<\/tr>\n<tr>\n<td>Rafales de grand-voile \u2013 Club seulement<\/td>\n<td>&nbsp;<\/td>\n<td><img loading=\"lazy\" decoding=\"async\" class=\"alignleft\" src=\"https:\/\/www.parallel45marine.com\/wp-content\/uploads\/2019\/06\/bulletfill.png\" width=\"15\" height=\"15\"><\/td>\n<\/tr>\n<tr>\n<td>Enregistreur de donn\u00e9es \u2013 communaut\u00e9 en nuage<\/td>\n<td>&nbsp;<\/td>\n<td><img loading=\"lazy\" decoding=\"async\" class=\"alignleft\" src=\"https:\/\/www.parallel45marine.com\/wp-content\/uploads\/2019\/06\/bulletoutline.png\" width=\"15\" height=\"15\"><\/td>\n<\/tr>\n<tr>\n<td>Spinnaker sym\u00e9trique &amp; \u00e9quipement<\/td>\n<td>&nbsp;<\/td>\n<td><img loading=\"lazy\" decoding=\"async\" class=\"alignleft\" src=\"https:\/\/www.parallel45marine.com\/wp-content\/uploads\/2019\/06\/bulletoutline.png\" width=\"15\" height=\"15\"><\/td>\n<\/tr>\n<tr>\n<td>Treuil de quille<\/td>\n<td>&nbsp;<\/td>\n<td><img loading=\"lazy\" decoding=\"async\" class=\"alignleft\" src=\"https:\/\/www.parallel45marine.com\/wp-content\/uploads\/2019\/06\/bulletoutline.png\" width=\"15\" height=\"15\"><\/td>\n<\/tr>\n<tr>\n<td>Syst\u00e8me de moteur \u00e9lectrique<\/td>\n<td>&nbsp;<\/td>\n<td><img loading=\"lazy\" decoding=\"async\" class=\"alignleft\" src=\"https:\/\/www.parallel45marine.com\/wp-content\/uploads\/2019\/06\/bulletoutline.png\" width=\"15\" height=\"15\"><\/td>\n<\/tr>\n<tr>\n<td>\u00c9lectronique \u2013 vitesse, profondeur, etc.<\/td>\n<td>&nbsp;<\/td>\n<td><img loading=\"lazy\" decoding=\"async\" class=\"alignleft\" src=\"https:\/\/www.parallel45marine.com\/wp-content\/uploads\/2019\/06\/bulletoutline.png\" width=\"15\" height=\"15\"><\/td>\n<\/tr>\n<tr>\n<td>Taud<\/td>\n<td>&nbsp;<\/td>\n<td><img loading=\"lazy\" decoding=\"async\" class=\"alignleft\" src=\"https:\/\/www.parallel45marine.com\/wp-content\/uploads\/2019\/06\/bulletoutline.png\" width=\"15\" height=\"15\"><\/td>\n<\/tr>\n<tr>\n<td>Ber de mise \u00e0 l\u2019eau avec roues<\/td>\n<td>&nbsp;<\/td>\n<td><img loading=\"lazy\" decoding=\"async\" class=\"alignleft\" src=\"https:\/\/www.parallel45marine.com\/wp-content\/uploads\/2019\/06\/bulletoutline.png\" width=\"15\" height=\"15\"><\/td>\n<\/tr>\n<tr>\n<td>Remorque routi\u00e8re<\/td>\n<td>&nbsp;<\/td>\n<td><img loading=\"lazy\" decoding=\"async\" class=\"alignleft\" src=\"https:\/\/www.parallel45marine.com\/wp-content\/uploads\/2019\/06\/bulletoutline.png\" width=\"15\" height=\"15\"><\/td>\n<\/tr>\n<tr>\n<td>Kit d\u2019amarres et pare-battages<\/td>\n<td>&nbsp;<\/td>\n<td><img loading=\"lazy\" decoding=\"async\" class=\"alignleft\" src=\"https:\/\/www.parallel45marine.com\/wp-content\/uploads\/2019\/06\/bulletoutline.png\" width=\"15\" height=\"15\"><\/td>\n<\/tr>\n<tr>\n<td>Kit d\u2019ancre<\/td>\n<td>&nbsp;<\/td>\n<td><img loading=\"lazy\" decoding=\"async\" class=\"alignleft\" src=\"https:\/\/www.parallel45marine.com\/wp-content\/uploads\/2019\/06\/bulletoutline.png\" width=\"15\" height=\"15\"><\/td>\n<\/tr>\n<tr>\n<td colspan=\"3\"><img loading=\"lazy\" decoding=\"async\" class=\"alignright\" src=\"https:\/\/www.parallel45marine.com\/wp-content\/uploads\/2019\/04\/Flag_of_Canada_250_125.png\" width=\"175\" height=\"88\"><\/td>\n<\/tr>\n<tr>\n<td style=\"text-align: left;\">Complete, Harken Hardware &#8211; no sails<\/td>\n<td style=\"text-align: center;\" colspan=\"2\"><strong>&nbsp;2026 prices coming soon!<\/strong><\/td>\n<\/tr>\n<tr>\n<td style=\"text-align: left;\">Complete, Harken Hardware, ePropulsion drive, no sails<\/td>\n<td colspan=\"2\">&nbsp;<\/td>\n<\/tr>\n<tr>\n<td style=\"text-align: left;\">Hyde Club Sail: Dacron Main &amp; Jib, 35 m\u00b2 Gennaker<\/td>\n<td colspan=\"2\">&nbsp;<\/td>\n<\/tr>\n<tr>\n<td style=\"text-align: left;\">Hyde League Sails: Dacron Main &amp; Jib, 40m\u00b2 Gennaker<\/td>\n<td colspan=\"2\">&nbsp;<\/td>\n<\/tr>\n<tr>\n<td style=\"text-align: left;\">North One Design Sails: Mylar Main &amp; Jib,&nbsp; 40m\u00b2 Gennaker<\/td>\n<td colspan=\"2\">&nbsp;<\/td>\n<\/tr>\n<\/tbody>\n<\/table>\n<\/div>\n<\/div>\n<\/div>\n<\/div>\n<p><\/p>","protected":false},"excerpt":{"rendered":"<p>La navigation en flotte pour les clubs afin de tirer des bords en groupe et pourquoi pas r\u00e9gater : voil\u00e0 &hellip;<\/p>\n","protected":false},"author":1,"featured_media":558,"parent":0,"menu_order":0,"comment_status":"closed","ping_status":"closed","template":"","meta":{"ngg_post_thumbnail":0,"footnotes":""},"class_list":["post-557","page","type-page","status-publish","has-post-thumbnail","hentry"],"_links":{"self":[{"href":"https:\/\/www.parallel45marine.com\/fr\/wp-json\/wp\/v2\/pages\/557","targetHints":{"allow":["GET"]}}],"collection":[{"href":"https:\/\/www.parallel45marine.com\/fr\/wp-json\/wp\/v2\/pages"}],"about":[{"href":"https:\/\/www.parallel45marine.com\/fr\/wp-json\/wp\/v2\/types\/page"}],"author":[{"embeddable":true,"href":"https:\/\/www.parallel45marine.com\/fr\/wp-json\/wp\/v2\/users\/1"}],"replies":[{"embeddable":true,"href":"https:\/\/www.parallel45marine.com\/fr\/wp-json\/wp\/v2\/comments?post=557"}],"version-history":[{"count":51,"href":"https:\/\/www.parallel45marine.com\/fr\/wp-json\/wp\/v2\/pages\/557\/revisions"}],"predecessor-version":[{"id":1742,"href":"https:\/\/www.parallel45marine.com\/fr\/wp-json\/wp\/v2\/pages\/557\/revisions\/1742"}],"wp:featuredmedia":[{"embeddable":true,"href":"https:\/\/www.parallel45marine.com\/fr\/wp-json\/wp\/v2\/media\/558"}],"wp:attachment":[{"href":"https:\/\/www.parallel45marine.com\/fr\/wp-json\/wp\/v2\/media?parent=557"}],"curies":[{"name":"wp","href":"https:\/\/api.w.org\/{rel}","templated":true}]}}