{"id":560,"date":"2019-05-05T20:10:47","date_gmt":"2019-05-05T20:10:47","guid":{"rendered":"https:\/\/www.parallel45marine.com\/?page_id=560"},"modified":"2026-04-24T18:30:39","modified_gmt":"2026-04-24T18:30:39","slug":"wayfarer","status":"publish","type":"page","link":"https:\/\/www.parallel45marine.com\/fr\/hartley-boats\/wayfarer\/","title":{"rendered":"Hartley Wayfarer MK IV"},"content":{"rendered":"<p>Le v\u00e9n\u00e9rable Wayfarer, de qualit\u00e9 sup\u00e9rieure,&nbsp; est construit \u00e0 la main au Royaume-Uni.&nbsp; Ce d\u00e9riveur de composite verre-r\u00e9sine convient \u00e0 toute la famille. Tout juste sous les 16 pieds de long, ce spacieux d\u00e9riveur peut accueillir confortablement jusqu&rsquo;\u00e0 6 adultes, quoique seulement deux \u00e9quipiers soient autoris\u00e9s lors de r\u00e9gates.<\/p>\n<p>Son excellente maniabilit\u00e9 permet aux d\u00e9butants de gagner en confiance rapidement, laissant place aussit\u00f4t \u00e0 la d\u00e9tente et au plaisir. Pour ceux qui ont plus d&rsquo;exp\u00e9rience, le Wayfarer Mark IV est un pur plaisir lors de r\u00e9gates de club ou de comp\u00e9titions plus avanc\u00e9es.<\/p>\n<p>La solide construction de composite verre-r\u00e9sine du Wayfarer assure une excellente rigidit\u00e9 et durabilit\u00e9 ainsi qu&rsquo;une belle apparence. Sa facilit\u00e9 d&rsquo;entretien lui permet de conserver cette apparence longues ann\u00e9es.<\/p>\n<p>Avec des options pour l&rsquo;apprentissage, la navigation de plaisance ou les r\u00e9gates, le Wayfarer est tr\u00e8s versatile. Il peut \u00eatre gr\u00e9\u00e9 pour l&rsquo;entra\u00eenement ou la course et plus tard, lorsque le besoin est diff\u00e9rent, il peut \u00eatre gr\u00e9\u00e9 pour la navigation de plaisance.<\/p>\n<p>La construction du Wayfarer de course est ax\u00e9e sur la vitesse et l&rsquo;agilit\u00e9 et offre une performance exaltante avec ses trois voiles. Ce bateau convient parfaitement aux r\u00e9gates, courtes ou plus longues, en eaux douces ou c\u00f4ti\u00e8res. L&rsquo;association de propri\u00e9taires de Wayfarer propose un calendrier d&rsquo;\u00e9v\u00e8nements tr\u00e8s actif au niveau local, national ou international.<\/p>\n<p>Parallel 45 Marine est fier d\u2019\u00eatre l\u2019unique importateur et distributeur des produits de Hartley Boats.<\/p>\n<p>Pour plus d\u2019informations, s\u2019il vous pla\u00eet visitez:<\/p>\n<ul>\n<li><a href=\"https:\/\/uswayfarer.org\/USWFWordpress\/\" target=\"_blank\" rel=\"noopener\">US Wayfarer Association<\/a><\/li>\n<li><a href=\"http:\/\/wayfarer-canada.org\/\" target=\"_blank\" rel=\"noopener\">Canadian Wayfarer Association<\/a><\/li>\n<li><a href=\"https:\/\/www.facebook.com\/groups\/410527699140357\" target=\"_blank\" rel=\"noopener\">Wayfarer North American Facebook Group<\/a><\/li>\n<li><a href=\"https:\/\/www.facebook.com\/groups\/892101991152771\" target=\"_blank\" rel=\"noopener\">Wayfarer Facebook Group<\/a><\/li>\n<li><a href=\"https:\/\/www.facebook.com\/groups\/121855197842056\" target=\"_blank\" rel=\"noopener\">Dinghy Cruising Association Facebook Group<\/a><\/li>\n<li><a href=\"https:\/\/www.youtube.com\/playlist?list=PLINEnsXUdU9FINdLwoYm6JreF5uwg8M8_\" target=\"_blank\" rel=\"noopener\">P45 Hartley YouTube Playlist<\/a><\/li>\n<\/ul>\n<div>\n<h2>Caract\u00e9ristiques:<\/h2>\n<\/div>\n<ul>\n<li>Plus de 50 ann\u00e9es d&rsquo;excitantes r\u00e9gates.<\/li>\n<li>\u00c0 tous les niveaux de comp\u00e9tition jusqu&rsquo;aux championnats internationaux.<\/li>\n<li>L&rsquo;ultime version de course dessin\u00e9e par Phil Morrison.<\/li>\n<li>Circuit de r\u00e9gates tr\u00e8s actif et accessible.<\/li>\n<li>Facilement redressable m\u00eame sous le vent.<\/li>\n<li>Peu d&rsquo;eau \u00e0 \u00e9coper apr\u00e8s un redressement, les tubes autodrainants s&rsquo;en chargent.<\/li>\n<li>Vaste gamme d&rsquo;options pour les r\u00e9gates.<\/li>\n<li>Flexible, convient aux navigateurs d&rsquo;exp\u00e9rience comme aux d\u00e9butants.<\/li>\n<li>Prise de ris rapide et flotteurs en t\u00eate de m\u00e2t en option.<\/li>\n<li>Solide construction en composite verre-r\u00e9sine assurant la performance pour de longues ann\u00e9es.<\/li>\n<li>Tous les bateaux de Hartley Boats sont assortis d&rsquo;une garantie de 4 ans..<\/li>\n<li>Hartley Boats, constructeur de ce bateau, se soucie de la satisfaction de ses clients et de la qualit\u00e9 de son produit.<\/li>\n<\/ul>\n<hr>\n<p><strong>Sp\u00e9cifications<\/strong><\/p>\n<p>Longueur &#8211; 4,82 m | 15&prime; 9&Prime;<br \/>\nLargeur &#8211; 1,85 m | 6&prime; 1&Prime;<br \/>\nPoids de la coque &#8211; 182,3 kg | 400 lb<br \/>\nSurface de grand-voile &#8211; 8,83 m2 | 95 pi2<br \/>\nSurface du foc &#8211; 2,79 m2 | 30 pi2<br \/>\nSurface du g\u00e9nois &#8211; 4,27 m2 | 46 pi2<br \/>\nSurface du spinnaker &#8211; 13,5 m2 | 145,3 pi2<\/p>\n<p>Capacit\u00e9 maximale &#8211; 6 personnes<\/p>\n<p>Portsmouth No: 1101<\/p>\n<p>&nbsp;<\/p>\n<table border=\"0\" width=\"80%\" cellpadding=\"5\" align=\"center\">\n<tbody>\n<tr>\n<td>&nbsp;<\/td>\n<td><img loading=\"lazy\" decoding=\"async\" class=\"wp-image-394 aligncenter\" src=\"https:\/\/www.parallel45marine.com\/wp-content\/uploads\/2019\/04\/Flag_United_States_250_132.png\" alt=\"\" width=\"175\" height=\"92\"><\/td>\n<td><img loading=\"lazy\" decoding=\"async\" class=\"aligncenter wp-image-395\" src=\"https:\/\/www.parallel45marine.com\/wp-content\/uploads\/2019\/04\/Flag_of_Canada_250_125.png\" alt=\"\" width=\"175\" height=\"88\"><\/td>\n<\/tr>\n<tr>\n<td>Wayfarer Trainer<\/td>\n<td style=\"text-align: center;\">18 995 $<\/td>\n<td style=\"text-align: center;\">24 995 $<\/td>\n<\/tr>\n<tr>\n<td>&nbsp;<\/td>\n<td>&nbsp;<\/td>\n<td>&nbsp;<\/td>\n<\/tr>\n<tr>\n<td>Wayfarer Cruiser<\/td>\n<td style=\"text-align: center;\">19 250 $<\/td>\n<td style=\"text-align: center;\">25 250 $<\/td>\n<\/tr>\n<tr>\n<td>&nbsp;<\/td>\n<td>&nbsp;<\/td>\n<td>&nbsp;<\/td>\n<\/tr>\n<tr>\n<td>Wayfarer Racer<\/td>\n<td style=\"text-align: center;\">20 475 $<\/td>\n<td style=\"text-align: center;\">$25 595 $<\/td>\n<\/tr>\n<tr>\n<td>&nbsp;<\/td>\n<td>&nbsp;<\/td>\n<td>&nbsp;<\/td>\n<\/tr>\n<tr>\n<td>Wayfarer Weekender<\/td>\n<td style=\"text-align: center;\">24 995 $<\/td>\n<td style=\"text-align: center;\">32 995 $<\/td>\n<\/tr>\n<\/tbody>\n<\/table>\n<p><em>*\u202fLes prix sont indiqu\u00e9s dans la monnaie locale. &nbsp;Pour commander votre bateau <a href=\"https:\/\/www.parallel45marine.com\/contact-us\/\" target=\"_blank\" rel=\"noopener\">appelez-nous<\/a>!<\/em><\/p>","protected":false},"excerpt":{"rendered":"<p>Le v\u00e9n\u00e9rable Wayfarer, de qualit\u00e9 sup\u00e9rieure,&nbsp; est construit \u00e0 la main au Royaume-Uni.&nbsp; Ce d\u00e9riveur de composite verre-r\u00e9sine convient \u00e0 &hellip;<\/p>\n","protected":false},"author":1,"featured_media":1772,"parent":1389,"menu_order":0,"comment_status":"closed","ping_status":"closed","template":"","meta":{"ngg_post_thumbnail":0,"footnotes":""},"class_list":["post-560","page","type-page","status-publish","has-post-thumbnail","hentry"],"_links":{"self":[{"href":"https:\/\/www.parallel45marine.com\/fr\/wp-json\/wp\/v2\/pages\/560","targetHints":{"allow":["GET"]}}],"collection":[{"href":"https:\/\/www.parallel45marine.com\/fr\/wp-json\/wp\/v2\/pages"}],"about":[{"href":"https:\/\/www.parallel45marine.com\/fr\/wp-json\/wp\/v2\/types\/page"}],"author":[{"embeddable":true,"href":"https:\/\/www.parallel45marine.com\/fr\/wp-json\/wp\/v2\/users\/1"}],"replies":[{"embeddable":true,"href":"https:\/\/www.parallel45marine.com\/fr\/wp-json\/wp\/v2\/comments?post=560"}],"version-history":[{"count":41,"href":"https:\/\/www.parallel45marine.com\/fr\/wp-json\/wp\/v2\/pages\/560\/revisions"}],"predecessor-version":[{"id":1781,"href":"https:\/\/www.parallel45marine.com\/fr\/wp-json\/wp\/v2\/pages\/560\/revisions\/1781"}],"up":[{"embeddable":true,"href":"https:\/\/www.parallel45marine.com\/fr\/wp-json\/wp\/v2\/pages\/1389"}],"wp:featuredmedia":[{"embeddable":true,"href":"https:\/\/www.parallel45marine.com\/fr\/wp-json\/wp\/v2\/media\/1772"}],"wp:attachment":[{"href":"https:\/\/www.parallel45marine.com\/fr\/wp-json\/wp\/v2\/media?parent=560"}],"curies":[{"name":"wp","href":"https:\/\/api.w.org\/{rel}","templated":true}]}}