{"id":577,"date":"2019-05-05T19:29:02","date_gmt":"2019-05-05T19:29:02","guid":{"rendered":"https:\/\/www.parallel45marine.com\/?page_id=577"},"modified":"2026-04-24T18:22:02","modified_gmt":"2026-04-24T18:22:02","slug":"wanderer","status":"publish","type":"page","link":"https:\/\/www.parallel45marine.com\/fr\/hartley-boats\/wanderer\/","title":{"rendered":"Hartley Wanderer MK IV"},"content":{"rendered":"<p>L&rsquo;\u00e9quipe de Hartley Boats de Derby, UK, est fi\u00e8re de poursuivre la fabrication modernis\u00e9e de ce d\u00e9riveur classique et s\u00e9curitaire de 14 pieds.&nbsp; Le Wanderer, fait \u00e0 la main de composite verre-r\u00e9sine, convient \u00e0 toute la famille. \u00c0 4,27 m (14 pi) de long, une personne seule peut naviguer facilement; il se manoeuvre tr\u00e8s bien avec deux \u00e9quipiers et peut en accueillir jusqu&rsquo;\u00e0 quatre.<\/p>\n<p>Les d\u00e9butants peuvent gagner en confiance rapidement gr\u00e2ce \u00e0 la facilit\u00e9 avec laquelle on peut le mener. Pour ceux qui veulent relever un d\u00e9fi, l&rsquo;association de propri\u00e9taires de Wanderer offre un calendrier d&rsquo;\u00e9v\u00e8nements tr\u00e8s actif. Une excellente fa\u00e7on d&rsquo;am\u00e9liorer vos performances ou simplement de profiter de l&rsquo;ambiance des r\u00e9gates.<\/p>\n<p>La solide construction de composite verre-r\u00e9sine du Wanderer assure une excellente rigidit\u00e9 et durabilit\u00e9 ainsi qu&rsquo;une belle apparence. Sa facilit\u00e9 d&rsquo;entretien lui permet de conserver cette apparence de longues ann\u00e9es.<\/p>\n<p>Avec des options pour l&rsquo;apprentissage, la navigation de plaisance ou les r\u00e9gates, le Wanderer est tr\u00e8s versatile. Il peut \u00eatre gr\u00e9\u00e9 pour l&rsquo;entra\u00eenement ou la course et plus tard, lorsque le besoin est diff\u00e9rent, il peut \u00eatre gr\u00e9\u00e9 pour la navigation de plaisance.<\/p>\n<p>Si vous aimez l&rsquo;id\u00e9e de doucement glisser \u00e0 l&rsquo;aide du g\u00e9nois avec enrouleur ou d&rsquo;avoir des rames ou m\u00eame un petit moteur, alors le croiseur familial Wanderer est fait pour vous.<\/p>\n<p>Si d&rsquo;autre part, vous pr\u00e9f\u00e9rez les embruns au visage et les mont\u00e9es d&rsquo;adr\u00e9naline sous le spi aux allures portantes, alors le mod\u00e8le Wanderer de sport est probablement le meilleur choix.<\/p>\n<p>Le Wanderer, redessin\u00e9 par Phil Morrison en 2008, a \u00e9t\u00e9 remis en production&nbsp; par Hatley Boats au m\u00eame moment. C&rsquo;est maintenant une embarcation attrayante et facile d&rsquo;utilisation, alliant une conception moderne aux meilleurs techniques de construction navale. Issu d&rsquo;une expertise bien \u00e9tablie, le Wanderer est un d\u00e9riveur s\u00e9curitaire et populaire depuis son entr\u00e9e dans le monde de la voile en 1981.<\/p>\n<p>Parallel 45 Marine est fier d&rsquo;\u00eatre l&rsquo;unique importateur et distributeur des produits de Hartley Boats.<\/p>\n<p>Pour plus d\u2019informations, s\u2019il vous pla\u00eet visitez:<\/p>\n<ul>\n<li><a href=\"https:\/\/www.wanderer.org.uk\/?v=79cba1185463\" target=\"&quot;_blank&quot;\" rel=\"&quot;noopener&quot; noopener\">Wanderer Class &amp; Owner Association<\/a><\/li>\n<li><a href=\"https:\/\/www.facebook.com\/groups\/928835817549407\" target=\"_blank\" rel=\"noopener\">Wanderer Facebook Group<\/a><\/li>\n<li><a href=\"https:\/\/www.facebook.com\/groups\/121855197842056\" target=\"_blank\" rel=\"noopener\">Dinghy Cruising Association Facebook Group<\/a><\/li>\n<li><a href=\"https:\/\/www.youtube.com\/playlist?list=PLINEnsXUdU9FINdLwoYm6JreF5uwg8M8_\" target=\"_blank\" rel=\"noopener\">P45 Hartley YouTube Playlist<\/a><\/li>\n<\/ul>\n<p>&nbsp;<\/p>\n<div>\n<h3>Caract\u00e9ristiques:<\/h3>\n<\/div>\n<ul>\n<li>Dessin\u00e9 par un des meilleurs concepteurs au monde, Ian Proctor.<\/li>\n<li>Se d\u00e9marque pour sa stabilit\u00e9 et sa maniabilit\u00e9.<\/li>\n<li>Peut \u00eatre laiss\u00e9 \u00e0 une bou\u00e9e d&rsquo;amarrage.<\/li>\n<li>Peut accueillir jusqu&rsquo;\u00e0 quatre \u00e9quipiers.<\/li>\n<li>Facilement redressable par une seule personne.<\/li>\n<li>Peu d&rsquo;eau \u00e0 \u00e9coper apr\u00e8s un redressement, les tubes autodrainants s&rsquo;en chargent.<\/li>\n<li>Sensible et nerveux.<\/li>\n<li>Facile \u00e0 remorquer avec une petite voiture, et une personne seule peut le mettre \u00e0 l&rsquo;eau.<\/li>\n<li>Support amovible pour moteur hors bord en option.<\/li>\n<li>Convient autant aux navigateurs d&rsquo;exp\u00e9rience qu&rsquo;aux d\u00e9butants.<\/li>\n<li>Prise de ris rapide et flotteurs en t\u00eate de m\u00e2t en option.<\/li>\n<li>Utilisation avec moteur hors bord ou avec rames.<\/li>\n<li>Construction en composite verre-r\u00e9sine assurant la durabilit\u00e9.<\/li>\n<li>En cas de dessalage, l&rsquo;option de flotteur en t\u00eate de m\u00e2t emp\u00eache de se retrouver la quille en l&rsquo;air.<\/li>\n<li>Tous les bateaux de Hartley Boats sont assortis d&rsquo;une garantie de 4 ans.<\/li>\n<\/ul>\n<hr>\n<p><strong>Sp\u00e9cifications<\/strong><\/p>\n<p>Longueur: 4,27 m | 14&prime;<br \/>\nLargeur: 1,75 m | 5&prime; 9&Prime;<br \/>\nTirant d&rsquo;eau: 1,09 m | 3&prime; 6&Prime;<br \/>\nPoids: 129,5 kg | 285 lb.<br \/>\nSurface de voile (grand-voile et g\u00e9nois): 10,68 m2 | 115 pi2<br \/>\nSpinnaker: 9,94 m2 | 107 pi2<\/p>\n<p>Portsmouth No: 1150<\/p>\n<hr>\n<table border=\"0\" width=\"80%\" cellpadding=\"5\" align=\"center\">\n<tbody>\n<tr>\n<td>&nbsp;<\/td>\n<td><img loading=\"lazy\" decoding=\"async\" class=\"wp-image-394 aligncenter\" src=\"https:\/\/www.parallel45marine.com\/wp-content\/uploads\/2019\/04\/Flag_United_States_250_132.png\" alt=\"\" width=\"175\" height=\"92\"><\/td>\n<td><img loading=\"lazy\" decoding=\"async\" class=\"aligncenter wp-image-395\" src=\"https:\/\/www.parallel45marine.com\/wp-content\/uploads\/2019\/04\/Flag_of_Canada_250_125.png\" alt=\"\" width=\"175\" height=\"88\"><\/td>\n<\/tr>\n<tr>\n<td>Wanderer Trainer<\/td>\n<td style=\"text-align: center;\">17 995 $<\/td>\n<td style=\"text-align: center;\">23 695 $<\/td>\n<\/tr>\n<tr>\n<td>&nbsp;<\/td>\n<td>&nbsp;<\/td>\n<td>&nbsp;<\/td>\n<\/tr>\n<tr>\n<td>Wanderer Cruiser<\/td>\n<td style=\"text-align: center;\">17 995 $<\/td>\n<td style=\"text-align: center;\">23 695 $<\/td>\n<\/tr>\n<tr>\n<td>&nbsp;<\/td>\n<td>&nbsp;<\/td>\n<td>&nbsp;<\/td>\n<\/tr>\n<\/tbody>\n<\/table>\n<p><em>*Tous les prix sont en dollars canadiens.&nbsp; Bateaux sont F.O.B. Sherbrooke, Qu\u00e9bec.&nbsp; Pour commander votre bateau <a href=\"https:\/\/www.parallel45marine.com\/contact-us\/\" target=\"_blank\" rel=\"noopener\">appelez-nous<\/a>!&nbsp;<\/em><\/p>","protected":false},"excerpt":{"rendered":"<p>L&rsquo;\u00e9quipe de Hartley Boats de Derby, UK, est fi\u00e8re de poursuivre la fabrication modernis\u00e9e de ce d\u00e9riveur classique et s\u00e9curitaire &hellip;<\/p>\n","protected":false},"author":1,"featured_media":580,"parent":1389,"menu_order":0,"comment_status":"closed","ping_status":"closed","template":"","meta":{"ngg_post_thumbnail":0,"footnotes":""},"class_list":["post-577","page","type-page","status-publish","has-post-thumbnail","hentry"],"_links":{"self":[{"href":"https:\/\/www.parallel45marine.com\/fr\/wp-json\/wp\/v2\/pages\/577","targetHints":{"allow":["GET"]}}],"collection":[{"href":"https:\/\/www.parallel45marine.com\/fr\/wp-json\/wp\/v2\/pages"}],"about":[{"href":"https:\/\/www.parallel45marine.com\/fr\/wp-json\/wp\/v2\/types\/page"}],"author":[{"embeddable":true,"href":"https:\/\/www.parallel45marine.com\/fr\/wp-json\/wp\/v2\/users\/1"}],"replies":[{"embeddable":true,"href":"https:\/\/www.parallel45marine.com\/fr\/wp-json\/wp\/v2\/comments?post=577"}],"version-history":[{"count":55,"href":"https:\/\/www.parallel45marine.com\/fr\/wp-json\/wp\/v2\/pages\/577\/revisions"}],"predecessor-version":[{"id":1777,"href":"https:\/\/www.parallel45marine.com\/fr\/wp-json\/wp\/v2\/pages\/577\/revisions\/1777"}],"up":[{"embeddable":true,"href":"https:\/\/www.parallel45marine.com\/fr\/wp-json\/wp\/v2\/pages\/1389"}],"wp:featuredmedia":[{"embeddable":true,"href":"https:\/\/www.parallel45marine.com\/fr\/wp-json\/wp\/v2\/media\/580"}],"wp:attachment":[{"href":"https:\/\/www.parallel45marine.com\/fr\/wp-json\/wp\/v2\/media?parent=577"}],"curies":[{"name":"wp","href":"https:\/\/api.w.org\/{rel}","templated":true}]}}