{"id":705,"date":"2020-03-15T03:02:30","date_gmt":"2020-03-15T03:02:30","guid":{"rendered":"https:\/\/www.parallel45marine.com\/?page_id=705"},"modified":"2026-01-05T17:13:15","modified_gmt":"2026-01-05T17:13:15","slug":"rs-aero","status":"publish","type":"page","link":"https:\/\/www.parallel45marine.com\/fr\/rs-sailing\/rs-aero\/","title":{"rendered":"RS Aero"},"content":{"rendered":"<p><\/p>\n<div>\n<p>Apr\u00e8s des ann\u00e9es de d\u00e9veloppement, il est clair que le RS Aero est la plus importante avanc\u00e9e technique dans ce secteur de pratique du bateau en solitaire. Il est aujourd\u2019hui le plus excitant et \u00e0 la fois le plus simple, mais \u00e9galement le bateau solitaire qui se vend le mieux dans le monde. Imaginez que le poids de la coque du RS Aero n\u2019est pas loin de celui de l\u2019Optimist ! C\u2019est dire combien il est facile \u00e0 transporter, \u00e0 gr\u00e9er et \u00e0 mettre \u00e0 l\u2019eau\u2026 Et puis, en navigation, l\u2019exp\u00e9rience vaut d\u2019\u00eatre v\u00e9cue ! Les sensations sont omnipr\u00e9sentes, comme si vous faisiez corps avec lui. La complexit\u00e9 de la mise au point fut celle de la simplicit\u00e9 d\u2019utilisation. Trois tailles de gr\u00e9ements sont disponibles permettant \u00e0 tous les gabarits de profiter pleinement de la glisse sur cet engin. D\u00e9j\u00e0, une classe internationale (<a href=\"http:\/\/www.rsaerosailing.org\/index.asp\" target=\"_blank\" rel=\"noopener\">International Class<\/a>) est cr\u00e9\u00e9e. Le RS Aero est un ph\u00e9nom\u00e8ne. Essayez-le.<\/p>\n<p>FONCTIONNALIT\u00c9<\/p>\n<ul>\n<li>Trois possibilit\u00e9s de gr\u00e9ements selon le poids de l\u2019\u00e9quipage&nbsp;: RS Aero 5 \u2013 RS Aero 7 \u2013 RS Aero 9<\/li>\n<li>Avec engoujure de m\u00e2t&nbsp; plus facile \u00e0 m\u00e2ter dans la brise qu\u2019une grand-voile \u00e0 fourreau et permet les pleines lattes en t\u00eate de voile<\/li>\n<li>Voile en Dacron plus durable et facile \u00e0 utiliser gr\u00e2ce \u00e0 la qualit\u00e9 sup\u00e9rieure du tissu<\/li>\n<li>Gr\u00e9ement simple et rapide \u00e0 installer tout en offrant un contr\u00f4le optimal<\/li>\n<li>Un avant effil\u00e9 pour remonter le vent, stabilit\u00e9 au milieu et un arri\u00e8re plus large<\/li>\n<li>La forme arri\u00e8re fait en sorte que l\u2019avant du RS Aero reste plus haut lors de d\u00e9jaugeages (semblable aux profilages sur la coque avant des bateaux moteurs)<\/li>\n<li>Selon les experts, une longueur de 4 m supporte parfaitement un \u00e9quipier plus lourd sans \u00eatre trop difficile \u00e0 mettre \u00e0 l\u2019eau pour les adeptes de plus petite taille<\/li>\n<li>Le RS Aero est muni d\u2019une d\u00e9rive verticale facile \u00e0 utiliser<\/li>\n<li>La d\u00e9rive fabriqu\u00e9e \u00e0 partir d\u2019un m\u00e9lange de carbone et de fibre de verre est con\u00e7ue pour offrir moins de r\u00e9sistance par vent portant et suffisamment de d\u00e9jaugeage au pr\u00e8s<\/li>\n<li>La m\u00e8che de gouvernail en alliage sup\u00e9rieur est de taille minimale<\/li>\n<li>Le safran peut pivoter jusqu\u2019\u00e0 la verticale lorsque \u00e0 terre et est bien support\u00e9 dans tous ses angles en mer<\/li>\n<li>La sangle de rappel centrale est rembourr\u00e9e et ajustable pour le confort des \u00e9quipiers de tout gabarit<\/li>\n<li>Une r\u00e9sine \u00e9poxy est utilis\u00e9e pour plus de r\u00e9sistance et d\u2019\u00e9tanch\u00e9it\u00e9<\/li>\n<li>Toute la coque est en mat de fibre de verre tiss\u00e9e<\/li>\n<li>Une fibre de carbone est utilis\u00e9e aux endroits les plus sollicit\u00e9s comme autour de l\u2019emplanture du m\u00e2t, du pont, des plat-bords et du tableau<\/li>\n<li>Le RS Aero s\u2019av\u00e8re d\u2019une durabilit\u00e9 remarquable gr\u00e2ce \u00e0 la l\u00e9g\u00e8ret\u00e9 et la r\u00e9sistance aux bris de la r\u00e9sine \u00e9poxy<\/li>\n<li>Sa l\u00e9g\u00e8ret\u00e9 permet \u00e0 une seule personne de le transporter en le tenant par la b\u00f4me et le dessus de la d\u00e9rive! Remonter la plage sur un chariot est un jeu d\u2019enfants<\/li>\n<li>Une personne seule peut le placer sur le toit d\u2019une voiture<\/li>\n<li>Un support de toit normal suffit pour sa largeur de 1,4 m et alloue suffisamment d\u2019espace pour attacher les sections du m\u00e2t le long du bateau<\/li>\n<li>On peut empiler jusqu\u2019\u00e0 trois bateaux sur une remorque \u00e9liminant le besoin d\u2019une remorque double ou triple<\/li>\n<li>Il peut \u00eatre entrepos\u00e9 ou transport\u00e9 sur le c\u00f4t\u00e9<\/li>\n<li>Des supports en fibre de carbone pratiques et attrayants pour les accessoires tel que&nbsp;: moniteurs Tack Tick et Velocitek, cam\u00e9ra GoPro et stick<\/li>\n<\/ul>\n<h5>CARACT\u00c9RISTIQUES<\/h5>\n<div>\n<p><img loading=\"lazy\" decoding=\"async\" src=\" https:\/\/www.parallel45marine.com\/wp-content\/uploads\/2019\/06\/bulletfill.png\" alt=\"bulletfill\" width=\"15\" height=\"15\">&nbsp;Standard<br \/>\n<img loading=\"lazy\" decoding=\"async\" src=\"https:\/\/www.parallel45marine.com\/wp-content\/uploads\/2019\/06\/bulletoutline.png\" alt=\"bulletfill\" width=\"15\" height=\"15\"> Optionnel<\/p>\n<table>\n<tbody>\n<tr>\n<td>&nbsp;<\/td>\n<td>&nbsp;<\/td>\n<td>Standard<br \/>\nRS Aero 5<\/td>\n<td>Standard<br \/>\nRS Aero 7<\/td>\n<td>Standard<br \/>\nRA Aero 9<\/td>\n<\/tr>\n<tr>\n<td>jArchitectes<\/td>\n<td>Jo Richards\/RS Sailing<\/td>\n<td><img loading=\"lazy\" decoding=\"async\" src=\" https:\/\/www.parallel45marine.com\/wp-content\/uploads\/2019\/06\/bulletfill.png\" alt=\"bulletfill\" width=\"15\" height=\"15\"><\/td>\n<td><img loading=\"lazy\" decoding=\"async\" src=\" https:\/\/www.parallel45marine.com\/wp-content\/uploads\/2019\/06\/bulletfill.png\" alt=\"bulletfill\" width=\"15\" height=\"15\"><\/td>\n<td><img loading=\"lazy\" decoding=\"async\" src=\" https:\/\/www.parallel45marine.com\/wp-content\/uploads\/2019\/06\/bulletfill.png\" alt=\"bulletfill\" width=\"15\" height=\"15\"><\/td>\n<\/tr>\n<tr>\n<td>Longueur<\/td>\n<td>4 m (13 pi 2 po)<\/td>\n<td><img loading=\"lazy\" decoding=\"async\" src=\" https:\/\/www.parallel45marine.com\/wp-content\/uploads\/2019\/06\/bulletfill.png\" alt=\"bulletfill\" width=\"15\" height=\"15\"><\/td>\n<td><img loading=\"lazy\" decoding=\"async\" src=\" https:\/\/www.parallel45marine.com\/wp-content\/uploads\/2019\/06\/bulletfill.png\" alt=\"bulletfill\" width=\"15\" height=\"15\"><\/td>\n<td><img loading=\"lazy\" decoding=\"async\" src=\" https:\/\/www.parallel45marine.com\/wp-content\/uploads\/2019\/06\/bulletfill.png\" alt=\"bulletfill\" width=\"15\" height=\"15\"><\/td>\n<\/tr>\n<tr>\n<td>Largeur<\/td>\n<td>1,4 m (4 pi 7 po)<\/td>\n<td><img loading=\"lazy\" decoding=\"async\" src=\" https:\/\/www.parallel45marine.com\/wp-content\/uploads\/2019\/06\/bulletfill.png\" alt=\"bulletfill\" width=\"15\" height=\"15\"><\/td>\n<td><img loading=\"lazy\" decoding=\"async\" src=\" https:\/\/www.parallel45marine.com\/wp-content\/uploads\/2019\/06\/bulletfill.png\" alt=\"bulletfill\" width=\"15\" height=\"15\"><\/td>\n<td><img loading=\"lazy\" decoding=\"async\" src=\" https:\/\/www.parallel45marine.com\/wp-content\/uploads\/2019\/06\/bulletfill.png\" alt=\"bulletfill\" width=\"15\" height=\"15\"><\/td>\n<\/tr>\n<tr>\n<td>Poids de la coque<\/td>\n<td>32 kg (66 lb)<\/td>\n<td><img loading=\"lazy\" decoding=\"async\" src=\" https:\/\/www.parallel45marine.com\/wp-content\/uploads\/2019\/06\/bulletfill.png\" alt=\"bulletfill\" width=\"15\" height=\"15\"><\/td>\n<td><img loading=\"lazy\" decoding=\"async\" src=\" https:\/\/www.parallel45marine.com\/wp-content\/uploads\/2019\/06\/bulletfill.png\" alt=\"bulletfill\" width=\"15\" height=\"15\"><\/td>\n<td><img loading=\"lazy\" decoding=\"async\" src=\" https:\/\/www.parallel45marine.com\/wp-content\/uploads\/2019\/06\/bulletfill.png\" alt=\"bulletfill\" width=\"15\" height=\"15\"><\/td>\n<\/tr>\n<tr>\n<td>Surface de voilure RS Aero 5<\/td>\n<td>5,2 m\u00b2 (54 pi\u00b2)<\/td>\n<td><img loading=\"lazy\" decoding=\"async\" src=\" https:\/\/www.parallel45marine.com\/wp-content\/uploads\/2019\/06\/bulletfill.png\" alt=\"bulletfill\" width=\"15\" height=\"15\"><\/td>\n<td>&nbsp;<\/td>\n<td>&nbsp;<\/td>\n<\/tr>\n<tr>\n<td>Surface de voilure RS Aero 7<\/td>\n<td>7,4 m\u00b2 (77 pi\u00b2)<\/td>\n<td>&nbsp;<\/td>\n<td><img loading=\"lazy\" decoding=\"async\" src=\" https:\/\/www.parallel45marine.com\/wp-content\/uploads\/2019\/06\/bulletfill.png\" alt=\"bulletfill\" width=\"15\" height=\"15\"><\/td>\n<td>&nbsp;<\/td>\n<\/tr>\n<tr>\n<td>Surface de voilure RS Aero 9<\/td>\n<td>8,9 m\u00b2 (93 pi\u00b2)<\/td>\n<td>&nbsp;<\/td>\n<td>&nbsp;<\/td>\n<td><img loading=\"lazy\" decoding=\"async\" src=\" https:\/\/www.parallel45marine.com\/wp-content\/uploads\/2019\/06\/bulletfill.png\" alt=\"bulletfill\" width=\"15\" height=\"15\"><\/td>\n<\/tr>\n<tr>\n<td>M\u00e2t<\/td>\n<td>2-parties en fibre de carbone avec rail et drisse<\/td>\n<td><img loading=\"lazy\" decoding=\"async\" src=\" https:\/\/www.parallel45marine.com\/wp-content\/uploads\/2019\/06\/bulletfill.png\" alt=\"bulletfill\" width=\"15\" height=\"15\"><\/td>\n<td><img loading=\"lazy\" decoding=\"async\" src=\" https:\/\/www.parallel45marine.com\/wp-content\/uploads\/2019\/06\/bulletfill.png\" alt=\"bulletfill\" width=\"15\" height=\"15\"><\/td>\n<td><img loading=\"lazy\" decoding=\"async\" src=\" https:\/\/www.parallel45marine.com\/wp-content\/uploads\/2019\/06\/bulletfill.png\" alt=\"bulletfill\" width=\"15\" height=\"15\"><\/td>\n<\/tr>\n<tr>\n<td>B\u00f4me<\/td>\n<td>Fibre de carbone avec \u00e9coute centrale<\/td>\n<td><img loading=\"lazy\" decoding=\"async\" src=\" https:\/\/www.parallel45marine.com\/wp-content\/uploads\/2019\/06\/bulletfill.png\" alt=\"bulletfill\" width=\"15\" height=\"15\"><\/td>\n<td><img loading=\"lazy\" decoding=\"async\" src=\" https:\/\/www.parallel45marine.com\/wp-content\/uploads\/2019\/06\/bulletfill.png\" alt=\"bulletfill\" width=\"15\" height=\"15\"><\/td>\n<td><img loading=\"lazy\" decoding=\"async\" src=\" https:\/\/www.parallel45marine.com\/wp-content\/uploads\/2019\/06\/bulletfill.png\" alt=\"bulletfill\" width=\"15\" height=\"15\"><\/td>\n<\/tr>\n<tr>\n<td>D\u00e9rive<\/td>\n<td>Composite \u00e9poxy \u2013 \u00e2me de mousse<\/td>\n<td><img loading=\"lazy\" decoding=\"async\" src=\" https:\/\/www.parallel45marine.com\/wp-content\/uploads\/2019\/06\/bulletfill.png\" alt=\"bulletfill\" width=\"15\" height=\"15\"><\/td>\n<td><img loading=\"lazy\" decoding=\"async\" src=\" https:\/\/www.parallel45marine.com\/wp-content\/uploads\/2019\/06\/bulletfill.png\" alt=\"bulletfill\" width=\"15\" height=\"15\"><\/td>\n<td><img loading=\"lazy\" decoding=\"async\" src=\" https:\/\/www.parallel45marine.com\/wp-content\/uploads\/2019\/06\/bulletfill.png\" alt=\"bulletfill\" width=\"15\" height=\"15\"><\/td>\n<\/tr>\n<tr>\n<td>Safran<\/td>\n<td>Composite \u00e9poxy \u2013 \u00e2me de mousse<\/td>\n<td><img loading=\"lazy\" decoding=\"async\" src=\" https:\/\/www.parallel45marine.com\/wp-content\/uploads\/2019\/06\/bulletfill.png\" alt=\"bulletfill\" width=\"15\" height=\"15\"><\/td>\n<td><img loading=\"lazy\" decoding=\"async\" src=\" https:\/\/www.parallel45marine.com\/wp-content\/uploads\/2019\/06\/bulletfill.png\" alt=\"bulletfill\" width=\"15\" height=\"15\"><\/td>\n<td><img loading=\"lazy\" decoding=\"async\" src=\" https:\/\/www.parallel45marine.com\/wp-content\/uploads\/2019\/06\/bulletfill.png\" alt=\"bulletfill\" width=\"15\" height=\"15\"><\/td>\n<\/tr>\n<tr>\n<td>M\u00e8che de gouvernail<\/td>\n<td>Moulage en aluminium \u2013 conception originale<\/td>\n<td><img loading=\"lazy\" decoding=\"async\" src=\" https:\/\/www.parallel45marine.com\/wp-content\/uploads\/2019\/06\/bulletfill.png\" alt=\"bulletfill\" width=\"15\" height=\"15\"><\/td>\n<td><img loading=\"lazy\" decoding=\"async\" src=\" https:\/\/www.parallel45marine.com\/wp-content\/uploads\/2019\/06\/bulletfill.png\" alt=\"bulletfill\" width=\"15\" height=\"15\"><\/td>\n<td><img loading=\"lazy\" decoding=\"async\" src=\" https:\/\/www.parallel45marine.com\/wp-content\/uploads\/2019\/06\/bulletfill.png\" alt=\"bulletfill\" width=\"15\" height=\"15\"><\/td>\n<\/tr>\n<tr>\n<td>Sangle de rappel<\/td>\n<td>Rembourr\u00e9e &amp; ajustable<\/td>\n<td><img loading=\"lazy\" decoding=\"async\" src=\" https:\/\/www.parallel45marine.com\/wp-content\/uploads\/2019\/06\/bulletfill.png\" alt=\"bulletfill\" width=\"15\" height=\"15\"><\/td>\n<td><img loading=\"lazy\" decoding=\"async\" src=\" https:\/\/www.parallel45marine.com\/wp-content\/uploads\/2019\/06\/bulletfill.png\" alt=\"bulletfill\" width=\"15\" height=\"15\"><\/td>\n<td><img loading=\"lazy\" decoding=\"async\" src=\" https:\/\/www.parallel45marine.com\/wp-content\/uploads\/2019\/06\/bulletfill.png\" alt=\"bulletfill\" width=\"15\" height=\"15\"><\/td>\n<\/tr>\n<tr>\n<td>Cordage<\/td>\n<td>Tress\u00e9 double &amp; taquets de chaque cot\u00e9 du pont<\/td>\n<td><img loading=\"lazy\" decoding=\"async\" src=\" https:\/\/www.parallel45marine.com\/wp-content\/uploads\/2019\/06\/bulletfill.png\" alt=\"bulletfill\" width=\"15\" height=\"15\"><\/td>\n<td><img loading=\"lazy\" decoding=\"async\" src=\" https:\/\/www.parallel45marine.com\/wp-content\/uploads\/2019\/06\/bulletfill.png\" alt=\"bulletfill\" width=\"15\" height=\"15\"><\/td>\n<td><img loading=\"lazy\" decoding=\"async\" src=\" https:\/\/www.parallel45marine.com\/wp-content\/uploads\/2019\/06\/bulletfill.png\" alt=\"bulletfill\" width=\"15\" height=\"15\"><\/td>\n<\/tr>\n<tr>\n<td>Tacktick bracket<\/td>\n<td>Fibre de carbone<\/td>\n<td><img loading=\"lazy\" decoding=\"async\" src=\"https:\/\/www.parallel45marine.com\/wp-content\/uploads\/2019\/06\/bulletoutline.png\" alt=\"bulletfill\" width=\"15\" height=\"15\"><\/td>\n<td><img loading=\"lazy\" decoding=\"async\" src=\"https:\/\/www.parallel45marine.com\/wp-content\/uploads\/2019\/06\/bulletoutline.png\" alt=\"bulletfill\" width=\"15\" height=\"15\"><\/td>\n<td><img loading=\"lazy\" decoding=\"async\" src=\"https:\/\/www.parallel45marine.com\/wp-content\/uploads\/2019\/06\/bulletoutline.png\" alt=\"bulletfill\" width=\"15\" height=\"15\"><\/td>\n<\/tr>\n<tr>\n<td>Velocitek bracket<\/td>\n<td>Fibre de carbone<\/td>\n<td><img loading=\"lazy\" decoding=\"async\" src=\"https:\/\/www.parallel45marine.com\/wp-content\/uploads\/2019\/06\/bulletoutline.png\" alt=\"bulletfill\" width=\"15\" height=\"15\"><\/td>\n<td><img loading=\"lazy\" decoding=\"async\" src=\"https:\/\/www.parallel45marine.com\/wp-content\/uploads\/2019\/06\/bulletoutline.png\" alt=\"bulletfill\" width=\"15\" height=\"15\"><\/td>\n<td><img loading=\"lazy\" decoding=\"async\" src=\"https:\/\/www.parallel45marine.com\/wp-content\/uploads\/2019\/06\/bulletoutline.png\" alt=\"bulletfill\" width=\"15\" height=\"15\"><\/td>\n<\/tr>\n<tr>\n<td>GoPro bracket<\/td>\n<td>Fibre de carbone<\/td>\n<td><img loading=\"lazy\" decoding=\"async\" src=\"https:\/\/www.parallel45marine.com\/wp-content\/uploads\/2019\/06\/bulletoutline.png\" alt=\"bulletfill\" width=\"15\" height=\"15\"><\/td>\n<td><img loading=\"lazy\" decoding=\"async\" src=\"https:\/\/www.parallel45marine.com\/wp-content\/uploads\/2019\/06\/bulletoutline.png\" alt=\"bulletfill\" width=\"15\" height=\"15\"><\/td>\n<td><img loading=\"lazy\" decoding=\"async\" src=\"https:\/\/www.parallel45marine.com\/wp-content\/uploads\/2019\/06\/bulletoutline.png\" alt=\"bulletfill\" width=\"15\" height=\"15\"><\/td>\n<\/tr>\n<\/tbody>\n<tbody>\n<tr>\n<td colspan=\"5\"><img loading=\"lazy\" decoding=\"async\" class=\"aligncenter wp-image-395\" src=\"https:\/\/www.parallel45marine.com\/wp-content\/uploads\/2019\/04\/Flag_of_Canada_250_125.png\" alt=\"\" width=\"175\" height=\"88\"><\/td>\n<\/tr>\n<tr>\n<td style=\"text-align: left;\" colspan=\"4\"><strong>RS Areo 5<\/strong><\/td>\n<td><strong>15 550 $<\/strong><\/td>\n<\/tr>\n<tr>\n<td style=\"text-align: left;\" colspan=\"4\"><strong>RS Areo 6<\/strong><\/td>\n<td><strong>15 750 $<\/strong><\/td>\n<\/tr>\n<tr>\n<td style=\"text-align: left;\" colspan=\"4\"><strong>RS Areo 7<\/strong><\/td>\n<td><strong>15 795 $<\/strong><\/td>\n<\/tr>\n<tr>\n<td style=\"text-align: left;\" colspan=\"4\"><strong>RS Areo 9<\/strong><\/td>\n<td><strong>15 995 $<\/strong><\/td>\n<\/tr>\n<\/tbody>\n<\/table>\n<p>*Tous les prix sont en dollars canadiens.&nbsp; Bateaux sont F.O.B. Sherbrooke, Qu\u00e9bec.&nbsp; Pour commander votre bateau&nbsp;<a href=\"https:\/\/www.parallel45marine.com\/contact-us\/\" target=\"_blank\" rel=\"noopener\">\u00e9crivez-nous<\/a>! Prix n&rsquo;inclus pas la livraison.<\/p>\n<\/div>\n<\/div>\n<p><\/p>","protected":false},"excerpt":{"rendered":"<p>Apr\u00e8s des ann\u00e9es de d\u00e9veloppement, il est clair que le RS Aero est la plus importante avanc\u00e9e technique dans ce &hellip;<\/p>\n","protected":false},"author":1,"featured_media":706,"parent":700,"menu_order":0,"comment_status":"closed","ping_status":"closed","template":"","meta":{"ngg_post_thumbnail":0,"footnotes":""},"class_list":["post-705","page","type-page","status-publish","has-post-thumbnail","hentry"],"_links":{"self":[{"href":"https:\/\/www.parallel45marine.com\/fr\/wp-json\/wp\/v2\/pages\/705","targetHints":{"allow":["GET"]}}],"collection":[{"href":"https:\/\/www.parallel45marine.com\/fr\/wp-json\/wp\/v2\/pages"}],"about":[{"href":"https:\/\/www.parallel45marine.com\/fr\/wp-json\/wp\/v2\/types\/page"}],"author":[{"embeddable":true,"href":"https:\/\/www.parallel45marine.com\/fr\/wp-json\/wp\/v2\/users\/1"}],"replies":[{"embeddable":true,"href":"https:\/\/www.parallel45marine.com\/fr\/wp-json\/wp\/v2\/comments?post=705"}],"version-history":[{"count":23,"href":"https:\/\/www.parallel45marine.com\/fr\/wp-json\/wp\/v2\/pages\/705\/revisions"}],"predecessor-version":[{"id":1735,"href":"https:\/\/www.parallel45marine.com\/fr\/wp-json\/wp\/v2\/pages\/705\/revisions\/1735"}],"up":[{"embeddable":true,"href":"https:\/\/www.parallel45marine.com\/fr\/wp-json\/wp\/v2\/pages\/700"}],"wp:featuredmedia":[{"embeddable":true,"href":"https:\/\/www.parallel45marine.com\/fr\/wp-json\/wp\/v2\/media\/706"}],"wp:attachment":[{"href":"https:\/\/www.parallel45marine.com\/fr\/wp-json\/wp\/v2\/media?parent=705"}],"curies":[{"name":"wp","href":"https:\/\/api.w.org\/{rel}","templated":true}]}}