{"id":714,"date":"2020-03-15T04:13:03","date_gmt":"2020-03-15T04:13:03","guid":{"rendered":"https:\/\/www.parallel45marine.com\/?page_id=714"},"modified":"2026-01-05T17:17:54","modified_gmt":"2026-01-05T17:17:54","slug":"rs-zest","status":"publish","type":"page","link":"https:\/\/www.parallel45marine.com\/fr\/rs-sailing\/rs-zest\/","title":{"rendered":"RS Zest"},"content":{"rendered":"<p>Un tout nouveau d\u00e9riveur compact qui propose beaucoup d\u2019espace pour l\u2019\u00e9quipage et donc facilite les man\u0153uvres. Les fonctionnalit\u00e9s sont bien plus importantes par rapport \u00e0 l\u2019ancienne g\u00e9n\u00e9ration de d\u00e9riveurs de ce type. Le RS Zest remplace le RS Quba et il est d\u00e9j\u00e0 pl\u00e9biscit\u00e9 par les familles et les centres d\u2019entra\u00eenement. Pourquoi ? Parce qu\u2019il est spacieux pour deux navigateurs, mais \u00e9galement de taille id\u00e9ale en solitaire. Les premiers pratiquants l\u2019ont confirm\u00e9 : ils adorent le design ergonomique et les petits d\u00e9tails qui facilitent la vie et la manipulation du bateau. La construction en poly\u00e9thyl\u00e8ne rotomoul\u00e9 ne demande aucun entretien. Le RS Zest vous am\u00e8ne sur l&rsquo;eau pour vivre les joies du merveilleux monde de la voile et ce, sans aucun souci!<\/p>\n<h5>FONCTIONNALIT\u00c9<\/h5>\n<div>\n<p>Espace \u2013 Confiance &nbsp;\u2013 &nbsp;S\u00e9curit\u00e9<\/p>\n<ul>\n<li>Nombreux sont les bateaux de cette cat\u00e9gorie men\u00e9s par deux \u00e9quipiers alors qu\u2019ils sont faits pour un seul\u2026 Le RS Zest est plus spacieux, il est con\u00e7u pour deux et peut \u00eatre men\u00e9 en solo.<\/li>\n<li>Un espace offrant un choix de si\u00e8ges sans risque, \u00e0 l\u2019int\u00e9rieur ou en rappel. Trois positions assises permettant de gagner en confiance et favorisant la progression<\/li>\n<li>Facile \u00e0 g\u00e9rer par les plus jeunes avec tout le confort pour les plus grands<\/li>\n<li>Coque exceptionnellement stable<\/li>\n<li>Poign\u00e9es encastr\u00e9es \u00e0 l\u2019avant et \u00e0 l\u2019arri\u00e8re, facilitant la reprise de l\u2019\u00e9quipage apr\u00e8s un dessalage<\/li>\n<\/ul>\n<p>Caract\u00e9ristiques pratiques pour familles et instructeurs<\/p>\n<ul>\n<li>M\u00e2t \u00e0 penture facile et s\u00e9curitaire pour les jeunes apprentis marins<\/li>\n<li>Barrure de m\u00e2t \u00e0 cliquet simple et s\u00e9curitaire<\/li>\n<li>Le safran bloque dans deux positions et se d\u00e9bloque en touchant le fond. Simple et robuste<\/li>\n<li>D\u00e9rive pivotante facile \u00e0 utiliser. Minimise les risques de bris<\/li>\n<li>Enrouleur de grand-voile, prise de ris facile depuis le bateau ou celui de l\u2019instructeur<\/li>\n<li>Couleur de voile tr\u00e8s visible<\/li>\n<li>Prises de remorquage encastr\u00e9es facilitant le remorquage de 6 bateaux<\/li>\n<\/ul>\n<p>Plaisant \u2013 Simple \u2013 Chic<\/p>\n<ul>\n<li>Performance gratifiante \u2013 comme tous les RS<\/li>\n<li>Conception moderne<\/li>\n<li>Fonctionnalit\u00e9s bien con\u00e7ues<\/li>\n<\/ul>\n<p>Minimum d\u2019entretien \u2013 long\u00e9vit\u00e9 maximale<\/p>\n<ul>\n<li>Construction Comptec PE3 \u2013 3 couches rotomoul\u00e9es \u00e0 la fine pointe de la technologie<\/li>\n<li>Enveloppe ext\u00e9rieur r\u00e9sistante \u2013 mousse au centre pour plus de raideur \u2013 couche interne rigide<\/li>\n<li>RS innove en ajoutant de l\u2019\u00e9paisseur aux endroits les plus sollicit\u00e9s<\/li>\n<li>Plus l\u00e9ger pour une meilleure navigation \u2013 chaque RS est performant et permet des man\u0153uvres des plus satisfaisantes<\/li>\n<li>R\u00e9partition de la charge optimale \u00e9liminant les besoins de renforts<\/li>\n<li>Meilleure flottaison gr\u00e2ce \u00e0 l\u2019\u00e9paisse couche de mousse<\/li>\n<li>Ancrages plus forts \u2013 insertions de bronze moul\u00e9es dans la coque<\/li>\n<li>Pratiquement aucun entretien<\/li>\n<\/ul>\n<p>Meilleur achat<\/p>\n<ul>\n<li>RS offre le meilleur rapport qualit\u00e9 prix<\/li>\n<\/ul>\n<p>RS Zest Accessoires<\/p>\n<ul>\n<li>Foc en Dacron de 1,2 m\u00b2<\/li>\n<li>Ensemble de rames avec tolets<\/li>\n<li>Housse<\/li>\n<li>Enveloppe de voile enroul\u00e9e sur le m\u00e2t<\/li>\n<li>Chariot<\/li>\n<li>Girouette<\/li>\n<li>Flotteur en t\u00eate de m\u00e2t<\/li>\n<\/ul>\n<\/div>\n<h5>CARACT\u00c9RISTIQUES<\/h5>\n<div>\n<p><img loading=\"lazy\" decoding=\"async\" src=\"https:\/\/www.parallel45marine.com\/wp-content\/uploads\/2019\/06\/bulletfill.png\" alt=\"bulletfill\" width=\"15\" height=\"15\">&nbsp;Standard<br \/>\n<img loading=\"lazy\" decoding=\"async\" src=\"https:\/\/www.parallel45marine.com\/wp-content\/uploads\/2019\/06\/bulletoutline.png\" alt=\"bulletfill\" width=\"15\" height=\"15\"> Optionnel<\/p>\n<p>&nbsp;<\/p>\n<table>\n<tbody>\n<tr>\n<td>&nbsp;<\/td>\n<td>RS Zest<\/td>\n<td><img decoding=\"async\" src=\"http:\/\/www.rssailing.com\/wp-content\/uploads\/2017\/06\/bulletfill.png\"><\/td>\n<\/tr>\n<tr>\n<td>Architectes<\/td>\n<td>Jo Richards et RS Sailing<\/td>\n<td><img decoding=\"async\" src=\"http:\/\/www.rssailing.com\/wp-content\/uploads\/2017\/06\/bulletfill.png\"><\/td>\n<\/tr>\n<tr>\n<td>Longueur<\/td>\n<td>3,59 m (11 pi 9 po)<\/td>\n<td><img decoding=\"async\" src=\"http:\/\/www.rssailing.com\/wp-content\/uploads\/2017\/06\/bulletfill.png\"><\/td>\n<\/tr>\n<tr>\n<td>Largeur<\/td>\n<td>1,47 m (4 pi 10 po)<\/td>\n<td><img decoding=\"async\" src=\"http:\/\/www.rssailing.com\/wp-content\/uploads\/2017\/06\/bulletfill.png\"><\/td>\n<\/tr>\n<tr>\n<td>Poids de la coque<\/td>\n<td>73 kg (161 ,lb)<\/td>\n<td><img decoding=\"async\" src=\"http:\/\/www.rssailing.com\/wp-content\/uploads\/2017\/06\/bulletfill.png\"><\/td>\n<\/tr>\n<tr>\n<td>Surface de voilure \u2013 foc et grand-voile<\/td>\n<td>6,9 m\u00b2 (71,5 pi\u00b2)<\/td>\n<td><img decoding=\"async\" src=\"http:\/\/www.rssailing.com\/wp-content\/uploads\/2017\/06\/bulletfill.png\"><\/td>\n<\/tr>\n<tr>\n<td>Grand-voile \u2013 Dacron avec prise de ris<\/td>\n<td>5,7 m\u00b2 (59 pi\u00b2)<\/td>\n<td><img decoding=\"async\" src=\"http:\/\/www.rssailing.com\/wp-content\/uploads\/2017\/06\/bulletfill.png\"><\/td>\n<\/tr>\n<tr>\n<td>Foc \u2013 Dacron<\/td>\n<td>1,2 m\u00b2 (12,5 pi\u00b2)<\/td>\n<td><img decoding=\"async\" src=\"http:\/\/www.rssailing.com\/wp-content\/uploads\/2017\/06\/bulletoutline.png\"><\/td>\n<\/tr>\n<tr>\n<td>Construction de la coque<\/td>\n<td>Comptec PE3 poly\u00e9thyl\u00e8ne durable<\/td>\n<td><img decoding=\"async\" src=\"http:\/\/www.rssailing.com\/wp-content\/uploads\/2017\/06\/bulletfill.png\"><\/td>\n<\/tr>\n<tr>\n<td>M\u00e2t<\/td>\n<td>2-parties en alliage d&rsquo;aluminium, t\u00eate emplie de mousse<\/td>\n<td><img decoding=\"async\" src=\"http:\/\/www.rssailing.com\/wp-content\/uploads\/2017\/06\/bulletfill.png\"><\/td>\n<\/tr>\n<tr>\n<td>B\u00f4me<\/td>\n<td>Alliage d&rsquo;aluminium<\/td>\n<td><img decoding=\"async\" src=\"http:\/\/www.rssailing.com\/wp-content\/uploads\/2017\/06\/bulletfill.png\"><\/td>\n<\/tr>\n<tr>\n<td>Safran<\/td>\n<td>Polypropyl\u00e8ne<\/td>\n<td><img decoding=\"async\" src=\"http:\/\/www.rssailing.com\/wp-content\/uploads\/2017\/06\/bulletfill.png\"><\/td>\n<\/tr>\n<tr>\n<td>Gouvernail<\/td>\n<td>Moulage verre\/nylon \u2013 relevage auto bloquant<\/td>\n<td><img decoding=\"async\" src=\"http:\/\/www.rssailing.com\/wp-content\/uploads\/2017\/06\/bulletfill.png\"><\/td>\n<\/tr>\n<tr>\n<td>Stick<\/td>\n<td>Alliage d&rsquo;aluminium<\/td>\n<td><img decoding=\"async\" src=\"http:\/\/www.rssailing.com\/wp-content\/uploads\/2017\/06\/bulletfill.png\"><\/td>\n<\/tr>\n<tr>\n<td>D\u00e9rive<\/td>\n<td>Polypropyl\u00e8ne, pivotante<\/td>\n<td><img decoding=\"async\" src=\"http:\/\/www.rssailing.com\/wp-content\/uploads\/2017\/06\/bulletfill.png\"><\/td>\n<\/tr>\n<tr>\n<td>Sangles de rappel rembourr\u00e9es<\/td>\n<td>&nbsp;<\/td>\n<td><img decoding=\"async\" src=\"http:\/\/www.rssailing.com\/wp-content\/uploads\/2017\/06\/bulletfill.png\"><\/td>\n<\/tr>\n<tr>\n<td>Ensemble de rames<\/td>\n<td>Avirons en alliage d&rsquo;aluminium<\/td>\n<td><img decoding=\"async\" src=\"http:\/\/www.rssailing.com\/wp-content\/uploads\/2017\/06\/bulletoutline.png\"><\/td>\n<\/tr>\n<tr>\n<td>Flotteur en t\u00eate de m\u00e2t<\/td>\n<td>&nbsp;<\/td>\n<td><img decoding=\"async\" src=\"http:\/\/www.rssailing.com\/wp-content\/uploads\/2017\/06\/bulletoutline.png\"><\/td>\n<\/tr>\n<tr>\n<td>Girouette<\/td>\n<td>&nbsp;<\/td>\n<td><img decoding=\"async\" src=\"http:\/\/www.rssailing.com\/wp-content\/uploads\/2017\/06\/bulletoutline.png\"><\/td>\n<\/tr>\n<tr>\n<td>Housse<\/td>\n<td>&nbsp;<\/td>\n<td><img decoding=\"async\" src=\"http:\/\/www.rssailing.com\/wp-content\/uploads\/2017\/06\/bulletoutline.png\"><\/td>\n<\/tr>\n<tr>\n<td>Enveloppe de voile enroul\u00e9e sur le m\u00e2t<\/td>\n<td>&nbsp;<\/td>\n<td><img decoding=\"async\" src=\"http:\/\/www.rssailing.com\/wp-content\/uploads\/2017\/06\/bulletoutline.png\"><\/td>\n<\/tr>\n<tr>\n<td>Chariot<\/td>\n<td>&nbsp;<\/td>\n<td><img decoding=\"async\" src=\"http:\/\/www.rssailing.com\/wp-content\/uploads\/2017\/06\/bulletoutline.png\"><\/td>\n<\/tr>\n<tr>\n<td colspan=\"3\"><img loading=\"lazy\" decoding=\"async\" class=\"aligncenter wp-image-395\" src=\"https:\/\/www.parallel45marine.com\/wp-content\/uploads\/2019\/04\/Flag_of_Canada_250_125.png\" alt=\"\" width=\"175\" height=\"88\"><\/td>\n<\/tr>\n<tr>\n<td style=\"text-align: left;\" colspan=\"2\"><strong>RS Zest<\/strong><\/td>\n<td><strong>9 450 $<\/strong><\/td>\n<\/tr>\n<tr>\n<td style=\"text-align: left;\" colspan=\"2\"><strong>RS Zest avec Foc<\/strong><\/td>\n<td><strong>9 795 $<\/strong><\/td>\n<\/tr>\n<\/tbody>\n<\/table>\n<pre>*Tous les prix sont en dollars canadiens.&nbsp; Bateaux sont F.O.B. Sherbrooke, Qu\u00e9bec.&nbsp; Pour commander votre bateau <a href=\"https:\/\/www.parallel45marine.com\/contact-us\/\" target=\"_blank\" rel=\"noopener\">\u00e9crivez-nous<\/a>! Prix n'inclus pas la livraison.<\/pre>\n<\/div>\n<p><\/p>","protected":false},"excerpt":{"rendered":"<p>Un tout nouveau d\u00e9riveur compact qui propose beaucoup d\u2019espace pour l\u2019\u00e9quipage et donc facilite les man\u0153uvres. Les fonctionnalit\u00e9s sont bien &hellip;<\/p>\n","protected":false},"author":1,"featured_media":717,"parent":700,"menu_order":0,"comment_status":"closed","ping_status":"closed","template":"","meta":{"ngg_post_thumbnail":0,"footnotes":""},"class_list":["post-714","page","type-page","status-publish","has-post-thumbnail","hentry"],"_links":{"self":[{"href":"https:\/\/www.parallel45marine.com\/fr\/wp-json\/wp\/v2\/pages\/714","targetHints":{"allow":["GET"]}}],"collection":[{"href":"https:\/\/www.parallel45marine.com\/fr\/wp-json\/wp\/v2\/pages"}],"about":[{"href":"https:\/\/www.parallel45marine.com\/fr\/wp-json\/wp\/v2\/types\/page"}],"author":[{"embeddable":true,"href":"https:\/\/www.parallel45marine.com\/fr\/wp-json\/wp\/v2\/users\/1"}],"replies":[{"embeddable":true,"href":"https:\/\/www.parallel45marine.com\/fr\/wp-json\/wp\/v2\/comments?post=714"}],"version-history":[{"count":25,"href":"https:\/\/www.parallel45marine.com\/fr\/wp-json\/wp\/v2\/pages\/714\/revisions"}],"predecessor-version":[{"id":1738,"href":"https:\/\/www.parallel45marine.com\/fr\/wp-json\/wp\/v2\/pages\/714\/revisions\/1738"}],"up":[{"embeddable":true,"href":"https:\/\/www.parallel45marine.com\/fr\/wp-json\/wp\/v2\/pages\/700"}],"wp:featuredmedia":[{"embeddable":true,"href":"https:\/\/www.parallel45marine.com\/fr\/wp-json\/wp\/v2\/media\/717"}],"wp:attachment":[{"href":"https:\/\/www.parallel45marine.com\/fr\/wp-json\/wp\/v2\/media?parent=714"}],"curies":[{"name":"wp","href":"https:\/\/api.w.org\/{rel}","templated":true}]}}