{"id":862,"date":"2020-12-04T18:00:34","date_gmt":"2020-12-04T18:00:34","guid":{"rendered":"https:\/\/www.parallel45marine.com\/?page_id=862"},"modified":"2026-01-05T17:15:45","modified_gmt":"2026-01-05T17:15:45","slug":"rs-quest","status":"publish","type":"page","link":"https:\/\/www.parallel45marine.com\/fr\/rs-sailing\/rs-quest\/","title":{"rendered":"RS Quest"},"content":{"rendered":"<p><\/p>\n<div>\n<p><strong>Faire de la voile en s\u2019amusant<\/strong><\/p>\n<p>Le RS Quest sign\u00e9 Jo Richards est con\u00e7u pour embarquer un moniteur et deux ou trois stagiaires, ou une famille au complet. Il mesure 4,29 m de long et se situe dans la gamme entre le RS Feva et le RS Venture. Construit en poly\u00e9thyl\u00e8ne rotomoul\u00e9 et destin\u00e9 \u00e0 la formation des cadets en Angleterre, le RS Quest se veut le d\u00e9riveur id\u00e9al pour apprendre la voile, conna\u00eetre le bonheur de la glisse sur l\u2019eau et se perfectionner rapidement en toute s\u00e9curit\u00e9.<\/p>\n<ul>\n<li>&nbsp;Une grande stabilit\u00e9<\/li>\n<li>&nbsp;Une construction en poly\u00e9thyl\u00e8ne solide ne n\u00e9cessitant pas d\u2019entretien \u2022 &nbsp;Une capacit\u00e9 d\u2019accueil au-dessus de la moyenne : de deux \u00e0 quatre personnes<\/li>\n<li>&nbsp;Un cockpit confortable et s\u00e9curisant avec une bonne assise<\/li>\n<li>&nbsp;Deux fausses quilles sous la coque pour \u00ab beacher \u00bb<\/li>\n<li>&nbsp;Des man\u0153uvres simples pour tout le monde, m\u00eame les d\u00e9butants<\/li>\n<li>&nbsp;Un gennaker en option selon son programme de navigation\u2026<\/li>\n<\/ul>\n<h5 class=\"et_pb_toggle_title\">FONCTIONNALIT\u00c9<\/h5>\n<h5>Bateau compact avec de grand<\/h5>\n<ul>\n<li>Construction Comptec PE3 \u2013 3 couches de poly\u00e9thyl\u00e8ne rotomoul\u00e9s<\/li>\n<li>Minimum d\u2019entretien et rigidit\u00e9 maximale<\/li>\n<li>Stabilit\u00e9 exceptionnelle&nbsp; et incomparable<\/li>\n<li>Grand cockpit autodrainant pour 4 adultes<\/li>\n<\/ul>\n<h5>Personnalis\u00e9<\/h5>\n<ul>\n<li>En version ouverte ou avec pare-embruns<\/li>\n<li>Si\u00e8ges et banc amovibles<\/li>\n<li>Grand-voile et foc<\/li>\n<li>Choix de spi sym\u00e9trique ou asym\u00e9trique<\/li>\n<li>Trap\u00e8ze<\/li>\n<li>Support \u00e0 moteur<\/li>\n<\/ul>\n<h5>Plaisirs sur l\u2019eau<\/h5>\n<ul>\n<li>Fonctionnalit\u00e9s permettant l\u2019exploration en famille<\/li>\n<li>Amusant et attrayant \u2013 pratique et s\u00e9curisant<\/li>\n<li>Facile \u00e0 transporter \u2013 mise \u00e0 l\u2019eau rapide<\/li>\n<\/ul>\n<h5>Id\u00e9al pour l&rsquo;\u00e9cole<\/h5>\n<ul>\n<li>Expertise des meilleurs entra\u00eeneurs et des UK Sea Cadets mise \u00e0 profit<\/li>\n<li>Versatilit\u00e9 in\u00e9gal\u00e9e<\/li>\n<li>D\u00e9j\u00e0 meilleur vendeur au monde de sa cat\u00e9gorie dans les centres de formation<\/li>\n<\/ul>\n<h5>Agr\u00e9able en mer comme \u00e0 terre<\/h5>\n<ul>\n<li>Emplanture de m\u00e2t pivotante facile \u00e0 gr\u00e9er<\/li>\n<li>Prises de main pour le soulever<\/li>\n<li>Anneaux de touage<\/li>\n<li>Points de levage<\/li>\n<li>3 points renforc\u00e9s sur la ventri\u00e8re<\/li>\n<li>Bourrelet renforc\u00e9 pr\u00e8s du tableau<\/li>\n<\/ul>\n<h5>Facile \u00e0 gr\u00e9er<\/h5>\n<ul>\n<li>Enrouleur de foc s\u00e9curitaire et facile d\u2019utilisation<\/li>\n<li>Grand-voile avec prise de ris<\/li>\n<li>M\u00e2t en 2 parties en aluminium<\/li>\n<li>Voiles en Dacron durable<\/li>\n<\/ul>\n<h5>Foils pratiques<\/h5>\n<ul>\n<li>D\u00e9rive pivotante<\/li>\n<li>Safran en aluminium<\/li>\n<li>Gouvernail muni d\u2019un syst\u00e8me de relevage et blocage du safran<\/li>\n<\/ul>\n<h5>RS Quest Options<\/h5>\n<ul>\n<li>Rangement additionnel sur le pont<\/li>\n<li>Choix de grand-voile<\/li>\n<li>Spi asym\u00e9trique<\/li>\n<li>Spi sym\u00e9trique<\/li>\n<li>Flotteur en t\u00eate de m\u00e2t<\/li>\n<li>Trap\u00e8ze<\/li>\n<li>Housse<\/li>\n<li>Chariot<\/li>\n<li>Remorque de route<\/li>\n<\/ul>\n<\/div>\n<h5 class=\"et_pb_toggle_title\">CARACT\u00c9RISTIQUES<\/h5>\n<div class=\"et_pb_toggle_content clearfix\">\n<table id=\"tablepress-9\" class=\"tablepress tablepress-id-9\">\n<tbody class=\"row-hover\">\n<tr class=\"row-1 odd\">\n<td class=\"column-1\">&nbsp;<\/td>\n<td class=\"column-2\">RS Quest<\/td>\n<\/tr>\n<tr class=\"row-2 even\">\n<td class=\"column-1\">Architectes<\/td>\n<td class=\"column-2\">Jo Richards et RS Sailing<\/td>\n<\/tr>\n<tr class=\"row-3 odd\">\n<td class=\"column-1\">Longueur<\/td>\n<td class=\"column-2\">4,29 m (14 pi 1 po)<\/td>\n<\/tr>\n<tr class=\"row-4 even\">\n<td class=\"column-1\">Largeur<\/td>\n<td class=\"column-2\">1,83 m (6 pi)<\/td>\n<\/tr>\n<tr class=\"row-5 odd\">\n<td class=\"column-1\">Poids de la coque<\/td>\n<td class=\"column-2\">140 kg (309 lb)<\/td>\n<\/tr>\n<tr class=\"row-6 even\">\n<td class=\"column-1\">Poids gr\u00e9\u00e9<\/td>\n<td class=\"column-2\">180 kg (396 lb)<\/td>\n<\/tr>\n<tr class=\"row-7 odd\">\n<td class=\"column-1\">Surface de voilure \u2013 grand-voile et foc<\/td>\n<td class=\"column-2\">11 m\u00b2 (118 pi\u00b2)<\/td>\n<\/tr>\n<tr class=\"row-8 even\">\n<td class=\"column-1\">Spinnaker asym\u00e9trique<\/td>\n<td class=\"column-2\">11 m\u00b2 (118 pi\u00b2)<\/td>\n<\/tr>\n<tr class=\"row-9 odd\">\n<td class=\"column-1\">Spinnaker sym\u00e9trique<\/td>\n<td class=\"column-2\">10 m\u00b2 (107 pi\u00b2)<\/td>\n<\/tr>\n<tr class=\"row-10 even\">\n<td class=\"column-1\">Construction de la coque<\/td>\n<td class=\"column-2\">Poly\u00e9thylene Comptec PE3 durable<\/td>\n<\/tr>\n<tr class=\"row-11 odd\">\n<td class=\"column-1\">Espars<\/td>\n<td class=\"column-2\">M\u00e2t en deux parties, b\u00f4me et tangon de spi en aluminium<\/td>\n<\/tr>\n<tr class=\"row-12 even\">\n<td class=\"column-1\">Tissu de grand-voile<\/td>\n<td class=\"column-2\">Dacron<\/td>\n<\/tr>\n<tr class=\"row-13 odd\">\n<td class=\"column-1\">Tissu de foc<\/td>\n<td class=\"column-2\">Dacron<\/td>\n<\/tr>\n<tr class=\"row-14 even\">\n<td class=\"column-1\">Tissu des spinnakers \u2013 asym\u00e9trique et sym\u00e9trique<\/td>\n<td class=\"column-2\">Dynalite Ripstop<\/td>\n<\/tr>\n<tr class=\"row-15 odd\">\n<td class=\"column-1\">Foils<\/td>\n<td class=\"column-2\">D\u00e9rive en GRP et gouvernail autobloquant en aluminium<\/td>\n<\/tr>\n<tr class=\"row-16 even\">\n<td class=\"column-1\">Accastillage<\/td>\n<td class=\"column-2\">Allen\/Selden<\/td>\n<\/tr>\n<\/tbody>\n<\/table>\n<p>&nbsp;<\/p>\n<table width=\"100%\" align=\"center\">\n<tbody>\n<tr>\n<td>&nbsp;<\/td>\n<td><img loading=\"lazy\" decoding=\"async\" class=\"wp-image-394 aligncenter\" src=\"https:\/\/www.parallel45marine.com\/wp-content\/uploads\/2019\/04\/Flag_United_States_250_132.png\" alt=\"\" width=\"175\" height=\"92\"><\/td>\n<td><img loading=\"lazy\" decoding=\"async\" class=\"aligncenter wp-image-395\" src=\"https:\/\/www.parallel45marine.com\/wp-content\/uploads\/2019\/04\/Flag_of_Canada_250_125.png\" alt=\"\" width=\"175\" height=\"88\"><\/td>\n<\/tr>\n<tr>\n<td>RS Quest<\/td>\n<td>&nbsp;<\/td>\n<td>17 950 $<\/td>\n<\/tr>\n<tr>\n<td>RS Quest with Gennaker<\/td>\n<td>&nbsp;<\/td>\n<td>19 950 $<\/td>\n<\/tr>\n<\/tbody>\n<\/table>\n<pre>*Tous les prix sont en dollars canadiens.&nbsp; Bateaux sont F.O.B. Sherbrooke, Qu\u00e9bec.&nbsp; Pour commander votre bateau <a href=\"https:\/\/www.parallel45marine.com\/contact-us\/\" target=\"_blank\" rel=\"noopener\">\u00e9crivez-nous<\/a>! Prix n'inclus pas la livraison.<\/pre>\n<\/div>\n<p><\/p>","protected":false},"excerpt":{"rendered":"<p>Faire de la voile en s\u2019amusant Le RS Quest sign\u00e9 Jo Richards est con\u00e7u pour embarquer un moniteur et deux &hellip;<\/p>\n","protected":false},"author":1,"featured_media":866,"parent":700,"menu_order":0,"comment_status":"closed","ping_status":"closed","template":"","meta":{"ngg_post_thumbnail":0,"footnotes":""},"class_list":["post-862","page","type-page","status-publish","has-post-thumbnail","hentry"],"_links":{"self":[{"href":"https:\/\/www.parallel45marine.com\/fr\/wp-json\/wp\/v2\/pages\/862","targetHints":{"allow":["GET"]}}],"collection":[{"href":"https:\/\/www.parallel45marine.com\/fr\/wp-json\/wp\/v2\/pages"}],"about":[{"href":"https:\/\/www.parallel45marine.com\/fr\/wp-json\/wp\/v2\/types\/page"}],"author":[{"embeddable":true,"href":"https:\/\/www.parallel45marine.com\/fr\/wp-json\/wp\/v2\/users\/1"}],"replies":[{"embeddable":true,"href":"https:\/\/www.parallel45marine.com\/fr\/wp-json\/wp\/v2\/comments?post=862"}],"version-history":[{"count":29,"href":"https:\/\/www.parallel45marine.com\/fr\/wp-json\/wp\/v2\/pages\/862\/revisions"}],"predecessor-version":[{"id":1736,"href":"https:\/\/www.parallel45marine.com\/fr\/wp-json\/wp\/v2\/pages\/862\/revisions\/1736"}],"up":[{"embeddable":true,"href":"https:\/\/www.parallel45marine.com\/fr\/wp-json\/wp\/v2\/pages\/700"}],"wp:featuredmedia":[{"embeddable":true,"href":"https:\/\/www.parallel45marine.com\/fr\/wp-json\/wp\/v2\/media\/866"}],"wp:attachment":[{"href":"https:\/\/www.parallel45marine.com\/fr\/wp-json\/wp\/v2\/media?parent=862"}],"curies":[{"name":"wp","href":"https:\/\/api.w.org\/{rel}","templated":true}]}}