{"id":992,"date":"2021-01-01T19:12:06","date_gmt":"2021-01-01T19:12:06","guid":{"rendered":"https:\/\/www.parallel45marine.com\/?page_id=992"},"modified":"2022-01-20T16:34:45","modified_gmt":"2022-01-20T16:34:45","slug":"velocity-wing-sails","status":"publish","type":"page","link":"https:\/\/www.parallel45marine.com\/fr\/velocity-wing-sails\/","title":{"rendered":"Velocity Wing Sail"},"content":{"rendered":"<p><\/p>\n<h3>Excellence et fabrication \u00e0 la main<\/h3>\n<p>Vous aimez avoir le vent dans les voiles?&nbsp; Ce n&rsquo;est pas parce que les lacs sont gel\u00e9s que l&rsquo;on doit cesser de faire de la voile! Velocity Wing Sails vous permet d&rsquo;ajouter au plaisir de l&rsquo;hiver. Velocity Wing Sails est le seul fabricant au monde qui confectionne des voiles port\u00e9es sur mesure. Fort de son exp\u00e9rience avec les deltaplanes et les avions ultra-l\u00e9gers, Velocity Wing Sails est la r\u00e9f\u00e9rence par excellence. Chaque voile est taill\u00e9e sur mesure selon votre gabarit, et assembl\u00e9e juste pour vous avec les meilleurs composants de qualit\u00e9 aviation.<\/p>\n<p>ngg_shortcode_1_placeholderJamais auparavant, une compagnie sp\u00e9cialis\u00e9e dans la construction d&rsquo;ailes ne s&rsquo;est lanc\u00e9e dans la confection d&rsquo;ailes port\u00e9es pour la voile. Chaque voile de Velocity Wing Sails porte l&rsquo;expertise d&rsquo;une dizaine d&rsquo;ann\u00e9es d&rsquo;exp\u00e9rience dans la conception et la fabrication d&rsquo;ailes. <a href=\"http:\/\/www.northwing.com\/\" target=\"_blank\" rel=\"noopener\">North Wing<\/a> \u00e0 Chelan, Washington, USA, est \u00e0 l&rsquo;avant-garde du d\u00e9veloppement d&rsquo;ailes avec transfert de poids depuis 1980. Depuis, la marque est devenue synonyme d&rsquo;excellence, de fiert\u00e9 et d&rsquo;int\u00e9grit\u00e9. Tous les mat\u00e9riaux utilis\u00e9s sont de qualit\u00e9 aviation et l&rsquo;assemblage est fait avec rigueur. Ce produit, issu d&rsquo;une entreprise familiale, est fi\u00e8rement fabriqu\u00e9 aux &nbsp;USA!<\/p>\n<h4>V3 Wing Sail<\/h4>\n<p>Le plus petit des deux mod\u00e8les, le V3 offre stabilit\u00e9 et rapidit\u00e9 par grands vents et convient mieux aux plus l\u00e9gers avec sa voile de 3 m2. Id\u00e9al en patins sur la glace!<\/p>\n<h4>V5 Wing Sail<\/h4>\n<p>Le V5, avec sa voile de 5 m2, pour les adeptes plus lourds ou par vents l\u00e9gers. Plaisir assur\u00e9 en ski sur la neige!<\/p>\n<p>&nbsp;<\/p>\n<table width=\"60%\" align=\"center\">\n<tbody>\n<tr>\n<td colspan=\"3\"><img loading=\"lazy\" decoding=\"async\" class=\"aligncenter wp-image-395\" src=\"https:\/\/www.parallel45marine.com\/wp-content\/uploads\/2019\/04\/Flag_of_Canada_250_125.png\" alt=\"\" width=\"175\" height=\"88\"><\/td>\n<\/tr>\n<tr>\n<td style=\"text-align: left;\" colspan=\"2\"><strong>V3 Wing Sail<\/strong><\/td>\n<td><strong>1 775 $<\/strong><\/td>\n<\/tr>\n<tr>\n<td style=\"text-align: left;\" colspan=\"2\"><strong>V5 Wing Sail<\/strong><\/td>\n<td><strong>1 875 $<\/strong><\/td>\n<\/tr>\n<\/tbody>\n<\/table>\n<pre>*<em>Tous les prix sont en dollars canadiens et n'incluent pas la livraison. Les voiles sont F.O.B. Sherbrooke, Qu\u00e9bec. \u00c9crivez-nous pour commander!&nbsp; <\/em><\/pre>\n<p><\/p>","protected":false},"excerpt":{"rendered":"<p>Excellence et fabrication \u00e0 la main Vous aimez avoir le vent dans les voiles?&nbsp; Ce n&rsquo;est pas parce que les &hellip;<\/p>\n","protected":false},"author":1,"featured_media":1016,"parent":0,"menu_order":0,"comment_status":"closed","ping_status":"closed","template":"","meta":{"ngg_post_thumbnail":0,"footnotes":""},"class_list":["post-992","page","type-page","status-publish","has-post-thumbnail","hentry"],"_links":{"self":[{"href":"https:\/\/www.parallel45marine.com\/fr\/wp-json\/wp\/v2\/pages\/992","targetHints":{"allow":["GET"]}}],"collection":[{"href":"https:\/\/www.parallel45marine.com\/fr\/wp-json\/wp\/v2\/pages"}],"about":[{"href":"https:\/\/www.parallel45marine.com\/fr\/wp-json\/wp\/v2\/types\/page"}],"author":[{"embeddable":true,"href":"https:\/\/www.parallel45marine.com\/fr\/wp-json\/wp\/v2\/users\/1"}],"replies":[{"embeddable":true,"href":"https:\/\/www.parallel45marine.com\/fr\/wp-json\/wp\/v2\/comments?post=992"}],"version-history":[{"count":14,"href":"https:\/\/www.parallel45marine.com\/fr\/wp-json\/wp\/v2\/pages\/992\/revisions"}],"predecessor-version":[{"id":1180,"href":"https:\/\/www.parallel45marine.com\/fr\/wp-json\/wp\/v2\/pages\/992\/revisions\/1180"}],"wp:featuredmedia":[{"embeddable":true,"href":"https:\/\/www.parallel45marine.com\/fr\/wp-json\/wp\/v2\/media\/1016"}],"wp:attachment":[{"href":"https:\/\/www.parallel45marine.com\/fr\/wp-json\/wp\/v2\/media?parent=992"}],"curies":[{"name":"wp","href":"https:\/\/api.w.org\/{rel}","templated":true}]}}